{"id":4059,"date":"2026-03-28T19:44:41","date_gmt":"2026-03-28T19:44:41","guid":{"rendered":"https:\/\/eglemarija.com\/?post_type=product&#038;p=4059"},"modified":"2026-03-30T09:36:01","modified_gmt":"2026-03-30T09:36:01","slug":"11-min-namu-erdves-energetinis-valymas","status":"publish","type":"product","link":"https:\/\/eglemarija.com\/index.php\/product\/11-min-namu-erdves-energetinis-valymas\/","title":{"rendered":"11 min. Nam\u0173 erdv\u0117s energetinis valymas"},"content":{"rendered":"<ol>\n<li><span class=\"s1\">Paleisk garso kalibracij\u0105 (po \u012fsigijimo j\u0105 gausi el. pa\u0161tu)<\/span><\/li>\n<li><span class=\"s1\">\u0160alaviju, palo santo, smilkalais ar kitomis d\u017eiovintomis \u017eolel\u0117mis aktyvuok erdv\u0119 (visus kambarius i\u0161smilkink, ypa\u010d d\u0117mesingai i\u0161smilkink kampus)<\/span><\/li>\n<li><span class=\"s1\">I\u0161v\u0117dink patalpas<\/span><\/li>\n<li><span class=\"s1\">Nustatyk ai\u0161ki\u0105 intencij\u0105 (pvz., ramyb\u0117, meil\u0117, gausa, savirealizacija, d\u017eiaugsmas,..)<\/span><\/li>\n<li>Su intencija u\u017edek \u017evakut\u0119<\/li>\n<li><span class=\"s1\">Atsipalaiduok ir pajausk erdv\u0119, u\u017efiksuok jausm\u0105<\/span><\/li>\n<li><span class=\"s1\">Atsigerk kavuko :))<\/span><\/li>\n<\/ol>\n<p>&nbsp;<\/p>\n","protected":false},"excerpt":{"rendered":"<p>Paleisk garso kalibracij\u0105 (po \u012fsigijimo j\u0105 gausi el. pa\u0161tu) \u0160alaviju, palo santo, smilkalais ar kitomis d\u017eiovintomis \u017eolel\u0117mis aktyvuok erdv\u0119 (visus kambarius i\u0161smilkink, ypa\u010d d\u0117mesingai i\u0161smilkink kampus) I\u0161v\u0117dink patalpas Nustatyk ai\u0161ki\u0105 intencij\u0105 (pvz., ramyb\u0117, meil\u0117, gausa, savirealizacija, d\u017eiaugsmas,..) Su intencija u\u017edek \u017evakut\u0119 Atsipalaiduok ir pajausk erdv\u0119, u\u017efiksuok jausm\u0105 Atsigerk kavuko :)) &nbsp;<\/p>\n","protected":false},"featured_media":4061,"comment_status":"open","ping_status":"closed","template":"","meta":{"om_disable_all_campaigns":false,"_monsterinsights_skip_tracking":false,"_monsterinsights_sitenote_active":false,"_monsterinsights_sitenote_note":"","_monsterinsights_sitenote_category":0,"site-sidebar-layout":"default","site-content-layout":"","ast-site-content-layout":"default","site-content-style":"default","site-sidebar-style":"default","ast-global-header-display":"","ast-banner-title-visibility":"","ast-main-header-display":"","ast-hfb-above-header-display":"","ast-hfb-below-header-display":"","ast-hfb-mobile-header-display":"","site-post-title":"","ast-breadcrumbs-content":"","ast-featured-img":"","footer-sml-layout":"","theme-transparent-header-meta":"default","adv-header-id-meta":"","stick-header-meta":"","header-above-stick-meta":"","header-main-stick-meta":"","header-below-stick-meta":"","astra-migrate-meta-layouts":"set","ast-page-background-enabled":"default","ast-page-background-meta":{"desktop":{"background-color":"","background-image":"","background-repeat":"repeat","background-position":"center center","background-size":"auto","background-attachment":"scroll","background-type":"","background-media":"","overlay-type":"","overlay-color":"","overlay-opacity":"","overlay-gradient":""},"tablet":{"background-color":"","background-image":"","background-repeat":"repeat","background-position":"center center","background-size":"auto","background-attachment":"scroll","background-type":"","background-media":"","overlay-type":"","overlay-color":"","overlay-opacity":"","overlay-gradient":""},"mobile":{"background-color":"","background-image":"","background-repeat":"repeat","background-position":"center center","background-size":"auto","background-attachment":"scroll","background-type":"","background-media":"","overlay-type":"","overlay-color":"","overlay-opacity":"","overlay-gradient":""}},"ast-content-background-meta":{"desktop":{"background-color":"var(--ast-global-color-5)","background-image":"","background-repeat":"repeat","background-position":"center center","background-size":"auto","background-attachment":"scroll","background-type":"","background-media":"","overlay-type":"","overlay-color":"","overlay-opacity":"","overlay-gradient":""},"tablet":{"background-color":"var(--ast-global-color-5)","background-image":"","background-repeat":"repeat","background-position":"center center","background-size":"auto","background-attachment":"scroll","background-type":"","background-media":"","overlay-type":"","overlay-color":"","overlay-opacity":"","overlay-gradient":""},"mobile":{"background-color":"var(--ast-global-color-5)","background-image":"","background-repeat":"repeat","background-position":"center center","background-size":"auto","background-attachment":"scroll","background-type":"","background-media":"","overlay-type":"","overlay-color":"","overlay-opacity":"","overlay-gradient":""}}},"product_brand":[],"product_cat":[47,33],"product_tag":[],"class_list":{"0":"post-4059","1":"product","2":"type-product","3":"status-publish","4":"has-post-thumbnail","6":"product_cat-meditacija","7":"product_cat-saves-pazinimas","8":"desktop-align-center","9":"tablet-align-left","10":"mobile-align-left","12":"first","13":"instock","14":"downloadable","15":"virtual","16":"sold-individually","17":"purchasable","18":"product-type-simple"},"aioseo_notices":[],"_links":{"self":[{"href":"https:\/\/eglemarija.com\/index.php\/wp-json\/wp\/v2\/product\/4059","targetHints":{"allow":["GET"]}}],"collection":[{"href":"https:\/\/eglemarija.com\/index.php\/wp-json\/wp\/v2\/product"}],"about":[{"href":"https:\/\/eglemarija.com\/index.php\/wp-json\/wp\/v2\/types\/product"}],"replies":[{"embeddable":true,"href":"https:\/\/eglemarija.com\/index.php\/wp-json\/wp\/v2\/comments?post=4059"}],"wp:featuredmedia":[{"embeddable":true,"href":"https:\/\/eglemarija.com\/index.php\/wp-json\/wp\/v2\/media\/4061"}],"wp:attachment":[{"href":"https:\/\/eglemarija.com\/index.php\/wp-json\/wp\/v2\/media?parent=4059"}],"wp:term":[{"taxonomy":"product_brand","embeddable":true,"href":"https:\/\/eglemarija.com\/index.php\/wp-json\/wp\/v2\/product_brand?post=4059"},{"taxonomy":"product_cat","embeddable":true,"href":"https:\/\/eglemarija.com\/index.php\/wp-json\/wp\/v2\/product_cat?post=4059"},{"taxonomy":"product_tag","embeddable":true,"href":"https:\/\/eglemarija.com\/index.php\/wp-json\/wp\/v2\/product_tag?post=4059"}],"curies":[{"name":"wp","href":"https:\/\/api.w.org\/{rel}","templated":true}]}}