{"id":3981,"date":"2026-03-05T13:14:24","date_gmt":"2026-03-05T13:14:24","guid":{"rendered":"https:\/\/eglemarija.com\/?post_type=product&#038;p=3981"},"modified":"2026-03-25T08:28:57","modified_gmt":"2026-03-25T08:28:57","slug":"20-min-apsauga-susijungimas-su-sielos-vedliais-sviesos-strukturos-aktyvavimas-energetiniam-lauke-dienos-ir-nakties-intencija-meditacija-su-balso-vedimu","status":"publish","type":"product","link":"https:\/\/eglemarija.com\/index.php\/product\/20-min-apsauga-susijungimas-su-sielos-vedliais-sviesos-strukturos-aktyvavimas-energetiniam-lauke-dienos-ir-nakties-intencija-meditacija-su-balso-vedimu\/","title":{"rendered":"20 min. Apsauga. Susijungimas su sielos vedliais. \u0160viesos strukt\u016bros aktyvavimas energetiniam lauke. Dienos ir nakties intencija. (meditacija su balso vedimu)"},"content":{"rendered":"<p class=\"p1\"><span class=\"s1\">\u012esakai ir geometrin\u0117s \u0161viesos strukt\u016bros vizualizacija.<\/span><\/p>\n<p class=\"p1\"><span class=\"s1\">Tai yra pirma mano meditacija, kurioje gird\u0117site ma\u017eai muzikos ir daug mano balso \ud83d\ude42<\/span><\/p>\n<p class=\"p1\"><span class=\"s1\">\u0160ioje praktikoje pagrindinis d\u0117mesys skiriamas sielos laisvai valiai, \u012fsakams, s\u0105moningai intencijai ir vidini\u0173 strukt\u016br\u0173 suaktyvinimui.<\/span><\/p>\n<p class=\"p1\"><span class=\"s1\">Tai l\u0117ta 20 min. ryto ir vakaro s\u0105moninga praktika, giliai atsipalaiduoti, susitvarkyti savo energetin\u012f lauk\u0105, susijungti ir jausti vedim\u0105 kasdien \u2728<\/span><\/p>\n","protected":false},"excerpt":{"rendered":"<p>\u012esakai ir geometrin\u0117s \u0161viesos strukt\u016bros vizualizacija. Tai yra pirma mano meditacija, kurioje gird\u0117site ma\u017eai muzikos ir daug mano balso \ud83d\ude42 \u0160ioje praktikoje pagrindinis d\u0117mesys skiriamas sielos laisvai valiai, \u012fsakams, s\u0105moningai intencijai ir vidini\u0173 strukt\u016br\u0173 suaktyvinimui. Tai l\u0117ta 20 min. ryto ir vakaro s\u0105moninga praktika, giliai atsipalaiduoti, susitvarkyti savo energetin\u012f lauk\u0105, susijungti ir jausti vedim\u0105 kasdien [&hellip;]<\/p>\n","protected":false},"featured_media":3994,"comment_status":"open","ping_status":"closed","template":"","meta":{"om_disable_all_campaigns":false,"_monsterinsights_skip_tracking":false,"_monsterinsights_sitenote_active":false,"_monsterinsights_sitenote_note":"","_monsterinsights_sitenote_category":0,"site-sidebar-layout":"default","site-content-layout":"","ast-site-content-layout":"default","site-content-style":"default","site-sidebar-style":"default","ast-global-header-display":"","ast-banner-title-visibility":"","ast-main-header-display":"","ast-hfb-above-header-display":"","ast-hfb-below-header-display":"","ast-hfb-mobile-header-display":"","site-post-title":"","ast-breadcrumbs-content":"","ast-featured-img":"","footer-sml-layout":"","theme-transparent-header-meta":"default","adv-header-id-meta":"","stick-header-meta":"","header-above-stick-meta":"","header-main-stick-meta":"","header-below-stick-meta":"","astra-migrate-meta-layouts":"set","ast-page-background-enabled":"default","ast-page-background-meta":{"desktop":{"background-color":"","background-image":"","background-repeat":"repeat","background-position":"center center","background-size":"auto","background-attachment":"scroll","background-type":"","background-media":"","overlay-type":"","overlay-color":"","overlay-opacity":"","overlay-gradient":""},"tablet":{"background-color":"","background-image":"","background-repeat":"repeat","background-position":"center center","background-size":"auto","background-attachment":"scroll","background-type":"","background-media":"","overlay-type":"","overlay-color":"","overlay-opacity":"","overlay-gradient":""},"mobile":{"background-color":"","background-image":"","background-repeat":"repeat","background-position":"center center","background-size":"auto","background-attachment":"scroll","background-type":"","background-media":"","overlay-type":"","overlay-color":"","overlay-opacity":"","overlay-gradient":""}},"ast-content-background-meta":{"desktop":{"background-color":"var(--ast-global-color-5)","background-image":"","background-repeat":"repeat","background-position":"center center","background-size":"auto","background-attachment":"scroll","background-type":"","background-media":"","overlay-type":"","overlay-color":"","overlay-opacity":"","overlay-gradient":""},"tablet":{"background-color":"var(--ast-global-color-5)","background-image":"","background-repeat":"repeat","background-position":"center center","background-size":"auto","background-attachment":"scroll","background-type":"","background-media":"","overlay-type":"","overlay-color":"","overlay-opacity":"","overlay-gradient":""},"mobile":{"background-color":"var(--ast-global-color-5)","background-image":"","background-repeat":"repeat","background-position":"center center","background-size":"auto","background-attachment":"scroll","background-type":"","background-media":"","overlay-type":"","overlay-color":"","overlay-opacity":"","overlay-gradient":""}}},"product_brand":[],"product_cat":[47,33],"product_tag":[],"class_list":{"0":"post-3981","1":"product","2":"type-product","3":"status-publish","4":"has-post-thumbnail","6":"product_cat-meditacija","7":"product_cat-saves-pazinimas","8":"desktop-align-center","9":"tablet-align-left","10":"mobile-align-left","12":"first","13":"instock","14":"downloadable","15":"virtual","16":"sold-individually","17":"purchasable","18":"product-type-simple"},"aioseo_notices":[],"_links":{"self":[{"href":"https:\/\/eglemarija.com\/index.php\/wp-json\/wp\/v2\/product\/3981","targetHints":{"allow":["GET"]}}],"collection":[{"href":"https:\/\/eglemarija.com\/index.php\/wp-json\/wp\/v2\/product"}],"about":[{"href":"https:\/\/eglemarija.com\/index.php\/wp-json\/wp\/v2\/types\/product"}],"replies":[{"embeddable":true,"href":"https:\/\/eglemarija.com\/index.php\/wp-json\/wp\/v2\/comments?post=3981"}],"wp:featuredmedia":[{"embeddable":true,"href":"https:\/\/eglemarija.com\/index.php\/wp-json\/wp\/v2\/media\/3994"}],"wp:attachment":[{"href":"https:\/\/eglemarija.com\/index.php\/wp-json\/wp\/v2\/media?parent=3981"}],"wp:term":[{"taxonomy":"product_brand","embeddable":true,"href":"https:\/\/eglemarija.com\/index.php\/wp-json\/wp\/v2\/product_brand?post=3981"},{"taxonomy":"product_cat","embeddable":true,"href":"https:\/\/eglemarija.com\/index.php\/wp-json\/wp\/v2\/product_cat?post=3981"},{"taxonomy":"product_tag","embeddable":true,"href":"https:\/\/eglemarija.com\/index.php\/wp-json\/wp\/v2\/product_tag?post=3981"}],"curies":[{"name":"wp","href":"https:\/\/api.w.org\/{rel}","templated":true}]}}