{"id":3944,"date":"2026-02-23T12:46:59","date_gmt":"2026-02-23T12:46:59","guid":{"rendered":"https:\/\/eglemarija.com\/?post_type=product&#038;p=3944"},"modified":"2026-03-25T08:51:45","modified_gmt":"2026-03-25T08:51:45","slug":"45-min-meditcija-pabudimo-spirale-su-balso-vedimu","status":"publish","type":"product","link":"https:\/\/eglemarija.com\/index.php\/product\/45-min-meditcija-pabudimo-spirale-su-balso-vedimu\/","title":{"rendered":"45 min. Prisimink kas esi. Pabudimo Spiral\u00e9 (meditacija su balso vedimu)"},"content":{"rendered":"<ul>\n<li><span style=\"color: #94ff94;\"><strong><em><span class=\"s1\"><span style=\"color: #00ff00;\">Prisiminti<\/span> \u00a0<\/span><\/em><\/strong><\/span><span style=\"font-size: 16px;\">tai n\u0117ra gydymas praeities ar k\u016brimas ateities, Spiral\u0117 gr\u0105\u017eina tave \u012f centr\u0105, i\u0161 kurio kyla tavo visa realyb\u0117<\/span><\/li>\n<li><span class=\"s1\"><span style=\"color: #ff99cc;\"><strong><em>Pails\u0117ti <\/em><\/strong><\/span><\/span><span style=\"font-size: 16px;\">k\u016bnas ir nerv\u0173 sistema susiderina, nurimsta, susibalansuoja<\/span><\/li>\n<li><em style=\"color: #cc99ff; font-size: 16px;\"><span class=\"s1\"><strong>Pakeliauti <\/strong><\/span><\/em><span style=\"font-size: 16px;\">panerti \u012f savo \u0161irdies portal\u0105 ir su garsais keliauti per vidinius b\u016bties sluoksnius<\/span><\/li>\n<\/ul>\n<p>&nbsp;<\/p>\n<p>Ar jau atpa\u017e\u012fsti t\u0105 bals\u0105, kuris \u012fsiskverbia \u012f prot\u0105 sakydamas, jog esi tik ma\u017eas, nereik\u0161mingas veik\u0117jas \u0161iame pasaulyje? Did\u017eiul\u0117je sistemoje. Tarp milijard\u0173 kit\u0173. Be galios k\u0105 nors pakeisti?<span class=\"Apple-converted-space\">\u00a0<\/span><\/p>\n<p>Bet ar kada nors klausei kieno tai balsas kalba tavo galvoje? Tai tikrai ne tavo pirmaprad\u0117s s\u0105mon\u0117s balsas\u2026 galb\u016bt tik jos fragmentas (tas, kuris patik\u0117jo ribotumu) ir tapo kolektyvin\u0117s hipnoz\u0117s aidu, vis dar aidin\u010diu kaip s\u0105lyga \u012fra\u0161yta gyvenimo \u017eaidimo lauke. S\u0105lyga, leid\u017eianti patirti atskirt\u012f.<\/p>\n<p>Tu esi daugiau, nei \u0161io pasaulio dalelyt\u0117. Tu esi s\u0105mon\u0117, kuri gimdo pasaulius. Ir dabar tu pabundi kitame realyb\u0117s sluoksnyje.<\/p>\n<p>\u0160i meditacija \u2013 tai kelion\u0117 per \u0161irdies portal\u0105 \u012f vidinius pasaulius, kuriuos tu pats suk\u016brei.<\/p>\n<p>\u017dinau, kad pameni, jog esi \u017eaid\u0117jas, bet ar pameni, jog esi ir pats \u017eaidimas? S\u0105mon\u0117, patirianti save per form\u0105. Tas, kuris laiko save \u017dem\u0117je ir tas, kuris stebi save i\u0161 platesn\u0117s perspektyvos. Tas, kuris gyvena\u2026 ir tas, kuris veda save per gyvenimo patirt\u012f.<\/p>\n<p>\u2022\u2022\u2022<\/p>\n<p>Tu \u012f\u0117jai \u012f ribot\u0105 form\u0173 pasaul\u012f su gravitacija, laiku, erdve, prie\u017eastimi ir pasekm\u0117mis, kad patirtum kontrastus. Pamir\u0161ai tik tam, kad gal\u0117tum prisiminti savo prigimt\u012f. I\u0161skaidei save \u012f daugyb\u0119 form\u0173 ir tarp\u0173 &#8211; a\u0161 ir tu, \u0161viesa ir tamsa, g\u0117ris ir blogis, gyvenimas ir mirtis.<\/p>\n<p>O \u017eaidimo esm\u0117 juk ne pasirinkti pus\u0119. \u017daidimo esm\u0117 &#8211; jas sujungti. Ne nugal\u0117ti \u201cblog\u012f\u201c. Ne laim\u0117ti ir net ne i\u0161gelb\u0117ti pasaul\u012f. O perprasti jo d\u0117snius, taisykles ir i\u0161mokti \u017daisti.<\/p>\n<p class=\"p1\">Pabudimo Spiral\u0117 \u2013 tai meditacija, gimusi ir \u012fkv\u0117pta organin\u0117s Gaud\u00ed architekt\u016bros, Fibonacci sekos ir auksin\u0117s proporcijos t\u0117km\u0117s. Jos esm\u0117 \u2013 \u0161velnus, bet galingas priminimas, kad tu visada buvai didesnis u\u017e pat\u012f \u017eaidim\u0105. Kad gyvenimas n\u0117ra testas. Ne m\u016b\u0161io laukas. Ir ne problema, kuri\u0105 reikia i\u0161spr\u0119sti.<\/p>\n<p class=\"p1\"><span class=\"s1\">Tai yra patirtis. Gyvenimas yra k\u016bryba. Tai nuostabus nuotykis. Tai meil\u0117, patirianti save per tave\u2026 Meil\u0117, kuri n\u0117ra atlygis ir ne tikslas, kur\u012f reikia pasiekti. Ji yra b\u016bsena, i\u0161 kurios visas \u0161is \u017eaidimas kyla. <\/span><\/p>\n<p class=\"p1\"><span class=\"s1\">Ir Tu esi ta b\u016bsena.<\/span><\/p>\n<p>&nbsp;<\/p>\n<h6><span style=\"color: #ff99cc;\">K\u0105 reikia \u017einoti apie meditacij\u0105?<\/span><\/h6>\n<p>&nbsp;<\/p>\n<ul>\n<li>Kartu su gars\u0173 kelione \u012f savo el. pa\u0161t\u0105 gausite informacij\u0105 k\u0105 svarbu \u017einoti praktikavimo laikotarpyje, b\u016btinai atsi\u017evelkite \u012f rekomendacijas, nes taip palengvinsite savo procesus<\/li>\n<li class=\"p1\"><span class=\"s1\">Gars\u0173 klausykite ramioje erdv\u0117je, kur gal\u0117tum\u0117te maksimaliai atsipalaiduoti<\/span><\/li>\n<li class=\"p1\"><span class=\"s1\">Kelion\u0117 skirta klausyti tik su ausin\u0117mis, nes naudojamos specialos technikos \u012fvesti \u012f gilias s\u0105mon\u0117s b\u016bsenas<\/span><\/li>\n<li><span class=\"s1\">Jos metu galite s\u0117d\u0117ti, gul\u0117ti, stov\u0117ti, jud\u0117ti, ta\u010diau vis\u0105 d\u0117mes\u012f skirkite procesui ir atsipalaidavimui<\/span><\/li>\n<li class=\"p1\"><span class=\"s1\">Rekomenduojama klausyti 3-6 m\u0117nesius, prie\u0161 mieg\u0105 (gars\u0173 virpesiai veda \u012f theta b\u016bdravimo b\u016bsen\u0105)<\/span><\/li>\n<li class=\"p1\"><span class=\"s1\">Atkreipkite d\u0117mes\u012f ar taisyklingai \u012fved\u0117te el. pa\u0161to adres\u0105, nes \u012f j\u012f gausite nuorod\u0105 failams parsisi\u0173sti. Jei nesulauk\u0117te \u012fsigyt\u0173 fail\u0173, per\u017ei\u016br\u0117kite visus savo el. pa\u0161to katalogus, grei\u010diausiai lai\u0161kas atsid\u016br\u0117 kitame aplanke<\/span><\/li>\n<li>Meditacij\u0105 parsisi\u0173skite \u012f savo \u012frengin\u012f, nuoroda i\u0161 kurios gal\u0117site parsisi\u0173sti galios 30 dien\u0173.<\/li>\n<\/ul>\n<p>&nbsp;<\/p>\n<p>&nbsp;<\/p>\n","protected":false},"excerpt":{"rendered":"<p>Prisiminti \u00a0tai n\u0117ra gydymas praeities ar k\u016brimas ateities, Spiral\u0117 gr\u0105\u017eina tave \u012f centr\u0105, i\u0161 kurio kyla tavo visa realyb\u0117 Pails\u0117ti k\u016bnas ir nerv\u0173 sistema susiderina, nurimsta, susibalansuoja Pakeliauti panerti \u012f savo \u0161irdies portal\u0105 ir su garsais keliauti per vidinius b\u016bties sluoksnius &nbsp; Ar jau atpa\u017e\u012fsti t\u0105 bals\u0105, kuris \u012fsiskverbia \u012f prot\u0105 sakydamas, jog esi tik [&hellip;]<\/p>\n","protected":false},"featured_media":3956,"comment_status":"open","ping_status":"closed","template":"","meta":{"om_disable_all_campaigns":false,"_monsterinsights_skip_tracking":false,"_monsterinsights_sitenote_active":false,"_monsterinsights_sitenote_note":"","_monsterinsights_sitenote_category":0,"site-sidebar-layout":"default","site-content-layout":"","ast-site-content-layout":"default","site-content-style":"default","site-sidebar-style":"default","ast-global-header-display":"","ast-banner-title-visibility":"","ast-main-header-display":"","ast-hfb-above-header-display":"","ast-hfb-below-header-display":"","ast-hfb-mobile-header-display":"","site-post-title":"","ast-breadcrumbs-content":"","ast-featured-img":"","footer-sml-layout":"","theme-transparent-header-meta":"default","adv-header-id-meta":"","stick-header-meta":"","header-above-stick-meta":"","header-main-stick-meta":"","header-below-stick-meta":"","astra-migrate-meta-layouts":"set","ast-page-background-enabled":"default","ast-page-background-meta":{"desktop":{"background-color":"","background-image":"","background-repeat":"repeat","background-position":"center center","background-size":"auto","background-attachment":"scroll","background-type":"","background-media":"","overlay-type":"","overlay-color":"","overlay-opacity":"","overlay-gradient":""},"tablet":{"background-color":"","background-image":"","background-repeat":"repeat","background-position":"center center","background-size":"auto","background-attachment":"scroll","background-type":"","background-media":"","overlay-type":"","overlay-color":"","overlay-opacity":"","overlay-gradient":""},"mobile":{"background-color":"","background-image":"","background-repeat":"repeat","background-position":"center center","background-size":"auto","background-attachment":"scroll","background-type":"","background-media":"","overlay-type":"","overlay-color":"","overlay-opacity":"","overlay-gradient":""}},"ast-content-background-meta":{"desktop":{"background-color":"var(--ast-global-color-5)","background-image":"","background-repeat":"repeat","background-position":"center center","background-size":"auto","background-attachment":"scroll","background-type":"","background-media":"","overlay-type":"","overlay-color":"","overlay-opacity":"","overlay-gradient":""},"tablet":{"background-color":"var(--ast-global-color-5)","background-image":"","background-repeat":"repeat","background-position":"center center","background-size":"auto","background-attachment":"scroll","background-type":"","background-media":"","overlay-type":"","overlay-color":"","overlay-opacity":"","overlay-gradient":""},"mobile":{"background-color":"var(--ast-global-color-5)","background-image":"","background-repeat":"repeat","background-position":"center center","background-size":"auto","background-attachment":"scroll","background-type":"","background-media":"","overlay-type":"","overlay-color":"","overlay-opacity":"","overlay-gradient":""}}},"product_brand":[],"product_cat":[47,33],"product_tag":[],"class_list":{"0":"post-3944","1":"product","2":"type-product","3":"status-publish","4":"has-post-thumbnail","6":"product_cat-meditacija","7":"product_cat-saves-pazinimas","8":"desktop-align-center","9":"tablet-align-left","10":"mobile-align-left","12":"first","13":"instock","14":"featured","15":"downloadable","16":"virtual","17":"sold-individually","18":"purchasable","19":"product-type-simple"},"aioseo_notices":[],"_links":{"self":[{"href":"https:\/\/eglemarija.com\/index.php\/wp-json\/wp\/v2\/product\/3944","targetHints":{"allow":["GET"]}}],"collection":[{"href":"https:\/\/eglemarija.com\/index.php\/wp-json\/wp\/v2\/product"}],"about":[{"href":"https:\/\/eglemarija.com\/index.php\/wp-json\/wp\/v2\/types\/product"}],"replies":[{"embeddable":true,"href":"https:\/\/eglemarija.com\/index.php\/wp-json\/wp\/v2\/comments?post=3944"}],"wp:featuredmedia":[{"embeddable":true,"href":"https:\/\/eglemarija.com\/index.php\/wp-json\/wp\/v2\/media\/3956"}],"wp:attachment":[{"href":"https:\/\/eglemarija.com\/index.php\/wp-json\/wp\/v2\/media?parent=3944"}],"wp:term":[{"taxonomy":"product_brand","embeddable":true,"href":"https:\/\/eglemarija.com\/index.php\/wp-json\/wp\/v2\/product_brand?post=3944"},{"taxonomy":"product_cat","embeddable":true,"href":"https:\/\/eglemarija.com\/index.php\/wp-json\/wp\/v2\/product_cat?post=3944"},{"taxonomy":"product_tag","embeddable":true,"href":"https:\/\/eglemarija.com\/index.php\/wp-json\/wp\/v2\/product_tag?post=3944"}],"curies":[{"name":"wp","href":"https:\/\/api.w.org\/{rel}","templated":true}]}}