{"id":3536,"date":"2025-07-10T14:24:23","date_gmt":"2025-07-10T14:24:23","guid":{"rendered":"https:\/\/eglemarija.com\/?post_type=product&#038;p=3536"},"modified":"2026-03-25T08:53:19","modified_gmt":"2026-03-25T08:53:19","slug":"perdegei-pavargai-uzsirakino-energija","status":"publish","type":"product","link":"https:\/\/eglemarija.com\/index.php\/product\/perdegei-pavargai-uzsirakino-energija\/","title":{"rendered":"15min. Perdegei? Pavargai? U\u017esirakino energija? (meditacija be balso vedimo)"},"content":{"rendered":"<p>15min. gars\u0173 terapija, kuri stimuliuoja ir sinchronizuoja abu smegen\u0173 pusrutulius pakaitomis.<\/p>\n<p>\ud83d\ude16 Vidin\u0117 perkrova, \u012fstrigimas<\/p>\n<p>\ud83c\udf00 Emocinis u\u017espaudimas, nuovargis<\/p>\n<p>\ud83d\udea8 Kai norisi l\u016b\u017eio i\u0161judinti \u201eu\u017erakint\u0105\u201c energij\u0105<\/p>\n<p>\ud83e\uddd8\u200d\u2640\ufe0f Paleidimas prie\u0161 atsipalaidavim\u0105<\/p>\n<p style=\"text-align: center;\" data-start=\"646\" data-end=\"732\">\ud83c\udfa7 Sukurta klausyti tik per ausines<\/p>\n<p style=\"text-align: center;\" data-start=\"646\" data-end=\"732\">(rekomenduojama rytais, nes vakare gali b\u016bti sunku u\u017emigti)<br data-start=\"669\" data-end=\"672\" \/>\ud83c\udf2c\ufe0f Kv\u0117puoti laisvai<br data-start=\"692\" data-end=\"695\" \/>\ud83e\uddd8\u200d\u2640\ufe0f Leisti garsui atlikti savo darb\u0105<\/p>\n<p data-start=\"734\" data-end=\"859\">Gars\u0173 klausykite \u0161velniai, garsiau &#8211; nerei\u0161kia geriau. Galite gul\u0117ti, s\u0117d\u0117ti ar lengvai jud\u0117ti.<\/p>\n<h5 data-start=\"277\" data-end=\"335\">\ud83d\udc41\ufe0f\u200d\ud83d\udde8\ufe0f <span style=\"color: #ff99cc;\"><strong data-start=\"289\" data-end=\"335\">Normal\u016bs poj\u016b\u010diai, kurie gali pasireik\u0161ti:<\/strong><\/span><\/h5>\n<p>&nbsp;<\/p>\n<h6 data-start=\"337\" data-end=\"382\">\u00a0<strong data-start=\"345\" data-end=\"382\">1. Aki\u0173 jud\u0117jimas (ypa\u010d u\u017emerkt\u0173)<\/strong><\/h6>\n<ul data-start=\"383\" data-end=\"579\">\n<li data-start=\"383\" data-end=\"443\">\n<p data-start=\"385\" data-end=\"443\">Gali b\u016bti <strong data-start=\"395\" data-end=\"411\">spontani\u0161kas<\/strong> ar net <strong>greitas<\/strong><\/p>\n<\/li>\n<li data-start=\"444\" data-end=\"510\">\n<p data-start=\"446\" data-end=\"510\">Tai signalas, kad <strong data-start=\"464\" data-end=\"497\">smegenys apdoroja informacij\u0105<\/strong> ar <strong>emocijas<\/strong><\/p>\n<\/li>\n<li data-start=\"511\" data-end=\"579\">\n<p data-start=\"513\" data-end=\"579\">Aki\u0173 judesiai yra susij\u0119 su <strong data-start=\"544\" data-end=\"566\">emociniu paleidimu<\/strong><\/p>\n<\/li>\n<\/ul>\n<h6 data-start=\"581\" data-end=\"615\">\u00a0<strong data-start=\"590\" data-end=\"615\">2. Kv\u0117pavimo poky\u010diai<\/strong><\/h6>\n<ul data-start=\"616\" data-end=\"738\">\n<li data-start=\"616\" data-end=\"661\">\n<p data-start=\"618\" data-end=\"661\">Staiga <strong data-start=\"625\" data-end=\"660\">gil\u0117ja arba sul\u0117t\u0117ja kv\u0117pavimas<\/strong><\/p>\n<\/li>\n<li data-start=\"662\" data-end=\"738\">\n<p data-start=\"664\" data-end=\"738\">Kartais b\u016bna lengvas <strong data-start=\"685\" data-end=\"711\">d\u016bsavimas ar atod\u016bsiai<\/strong> \u2013 tai i\u0161krovos \u017eenklas<\/p>\n<\/li>\n<\/ul>\n<h6 data-start=\"740\" data-end=\"768\">\u00a0<strong data-start=\"748\" data-end=\"768\">3. K\u016bno impulsai<\/strong><\/h6>\n<ul data-start=\"769\" data-end=\"957\">\n<li data-start=\"769\" data-end=\"848\">\n<p data-start=\"771\" data-end=\"848\">Gali atsirasti <strong data-start=\"786\" data-end=\"847\">tr\u016bk\u010diojimai, \u0161velnus dreb\u0117jimas ar raumen\u0173 mikrojudesiai<\/strong><\/p>\n<\/li>\n<li data-start=\"849\" data-end=\"957\">\n<p data-start=\"851\" data-end=\"957\">Kartais k\u016bnas \u201epats nori\u201c jud\u0117ti, temptis, suktis \u2013 tai <strong data-start=\"907\" data-end=\"928\">somatin\u0117 reakcija<\/strong>, kai k\u016bnas paleid\u017eia \u012ftamp\u0105, leisk jam jud\u0117ti taip, kaip norisi<\/p>\n<\/li>\n<\/ul>\n<h6 data-start=\"959\" data-end=\"994\">\u00a0<strong data-start=\"967\" data-end=\"994\">4. Emociniai bangavimai<\/strong><\/h6>\n<ul data-start=\"995\" data-end=\"1161\">\n<li data-start=\"995\" data-end=\"1084\">\n<p data-start=\"997\" data-end=\"1084\">Gali kilti <strong data-start=\"1008\" data-end=\"1037\">li\u016bdesys, pyktis, nerimas<\/strong>, net jei jie nepagr\u012fsti konkre\u010diu prisiminimu<\/p>\n<\/li>\n<li data-start=\"1085\" data-end=\"1161\">\n<p data-start=\"1087\" data-end=\"1161\">Tai da\u017enai <strong data-start=\"1098\" data-end=\"1133\">u\u017espaust\u0173 emocij\u0173 aktyvavimasis<\/strong>, kuris leid\u017eia joms i\u0161eiti<\/p>\n<\/li>\n<\/ul>\n<h6 data-start=\"1163\" data-end=\"1226\">\u00a0<strong data-start=\"1171\" data-end=\"1226\">5. Vaizdiniai, prisiminimai ar k\u016brybiniai blyksniai<\/strong><\/h6>\n<ul data-start=\"1227\" data-end=\"1427\">\n<li data-start=\"1227\" data-end=\"1341\">\n<p data-start=\"1229\" data-end=\"1341\">Kai smegenys sinchronizuojasi, atsiranda <strong data-start=\"1270\" data-end=\"1295\">netik\u0117ti prisiminimai<\/strong>, <strong data-start=\"1297\" data-end=\"1311\">vaizdiniai ar <\/strong>\u00a0<strong data-start=\"1320\" data-end=\"1340\">k\u016brybin\u0117s id\u0117jos<\/strong><\/p>\n<\/li>\n<li data-start=\"1342\" data-end=\"1427\">\n<p data-start=\"1344\" data-end=\"1427\">Tai geras \u017eenklas, kad <strong data-start=\"1361\" data-end=\"1403\">aktyvinama de\u0161iniojo pusrutulio veikla<\/strong> (intuicija, vaizduot\u0117)<\/p>\n<\/li>\n<\/ul>\n<h6><strong data-start=\"1438\" data-end=\"1469\">6. Laiko poj\u016b\u010dio praradimas<\/strong><\/h6>\n<ul data-start=\"1470\" data-end=\"1578\">\n<li data-start=\"1470\" data-end=\"1522\">\n<p data-start=\"1472\" data-end=\"1522\">Gali atrodyti, kad pra\u0117jo 5 minut\u0117s ar valanda, nors buvo 15<\/p>\n<\/li>\n<li data-start=\"1523\" data-end=\"1578\">\n<p data-start=\"1525\" data-end=\"1578\">Tai rei\u0161kia, kad pasiekei <strong data-start=\"1551\" data-end=\"1577\">gilesn\u0119 s\u0105mon\u0117s b\u016bsen\u0105<\/strong><\/p>\n<\/li>\n<\/ul>\n<h6 data-start=\"1585\" data-end=\"1620\">\u26a0\ufe0f<\/h6>\n<p style=\"font-weight: 400;\">Jei poj\u016b\u010diai tampa stipriai nemalon\u016bs, kelia panik\u0105 ar ver\u010dia nutraukti praktik\u0105, \u2013 tai irgi geras \u017eenklas, kad esate ant paleidimo ribos, jei i\u0161b\u016bsite atsipalaidav\u0119 ir priimsite, bei susitaikysite su kylan\u010diais jausmais, tiesiog grei\u010diau \u012fvyks l\u016b\u017eis. Bet nespauskite sav\u0119s, jauskite savo ribas ir b\u016bkite sau \u0161veln\u016bs. Tiesiog sustabdykite praktik\u0105 ir pab\u016bkite tyloje. Kartais tokios reakcijos b\u016bna, kai \u017emogus turi nesaugumo poj\u016bt\u012f k\u016bne ar psichologini\u0173 traum\u0173 fon\u0105.<\/p>\n<p>&nbsp;<\/p>\n<h5 data-start=\"1891\" data-end=\"1938\"><span style=\"color: #cc99ff;\"><strong data-start=\"1897\" data-end=\"1938\">K\u0105 daryti, jei kyla stipr\u016bs poj\u016b\u010diai?<\/strong><\/span><\/h5>\n<ol data-start=\"1940\" data-end=\"2199\">\n<li data-start=\"1940\" data-end=\"1998\">\n<p data-start=\"1943\" data-end=\"1998\"><strong data-start=\"1943\" data-end=\"1964\">Gr\u012f\u017ek \u012f kv\u0117pavim\u0105<\/strong> \u2013 s\u0105moningai steb\u0117k<\/p>\n<\/li>\n<li data-start=\"1999\" data-end=\"2050\">\n<p data-start=\"2002\" data-end=\"2050\"><strong data-start=\"2002\" data-end=\"2013\">Pajud\u0117k<\/strong> \u2013 \u0161velniai prasitempk, pavibruok\/ pasipurtyk<\/p>\n<\/li>\n<li data-start=\"2051\" data-end=\"2135\">\n<p data-start=\"2054\" data-end=\"2135\"><strong data-start=\"2054\" data-end=\"2078\">Pad\u0117k rank\u0105 ant k\u016bno<\/strong> (pvz., kr\u016btin\u0117s ar pilvo) \u2013 \u00a0sugr\u0105\u017eins saugumo poj\u016bt\u012f<\/p>\n<\/li>\n<li data-start=\"2136\" data-end=\"2199\">\n<p data-start=\"2139\" data-end=\"2199\"><strong data-start=\"2139\" data-end=\"2164\">Baigus \u2013 pab\u016bk tyloje<\/strong>, visk\u0105 i\u0161ra\u0161yk ar medituok kelet\u0105 minu\u010di\u0173<\/p>\n<\/li>\n<\/ol>\n<p data-start=\"734\" data-end=\"859\"><strong data-start=\"734\" data-end=\"748\">Po sesijos<\/strong> \u2013 <em>skirk kelias minutes savo d\u0117mesio tylai ir ramiam kv\u0117pavimui. Gerk daugiau vandens.<\/em><\/p>\n<p data-start=\"734\" data-end=\"859\"><strong data-start=\"804\" data-end=\"859\">\u2757\ufe0fTai n\u0117ra fonin\u0117 muzika ar atsipalaidavimui skirta meditacija, o intensyvi klausymosi praktika i\u0161judinti energijas. Nerekomenduojama klausyti vairuojant ar u\u017esiimant protine veikla.<\/strong><\/p>\n<p><span style=\"color: #ff99cc;\"><strong>Papildoma informacija<\/strong><\/span><\/p>\n<ul class=\"ul1\">\n<li class=\"li1\"><em><span class=\"s2\">Atkreipkite d\u0117mes\u012f ar taisyklingai \u012fved\u0117te el. pa\u0161to adres\u0105, nes \u012f j\u012f gausite nuorod\u0105 failui parsisi\u0173sti. \u00a0Jei nesulauk\u0117te \u012fsigyt\u0173 fail\u0173, per\u017ei\u016br\u0117kite visus savo el. pa\u0161to katalogus, grei\u010diausiai lai\u0161kas atsid\u016br\u0117 kitame aplanke<\/span><\/em><\/li>\n<li class=\"li1\"><em><span class=\"s2\">Parsisi\u0173skite \u012f savo \u012frengin\u012f, nuoroda i\u0161 kurios gal\u0117site parsisi\u0173sti galios 30 dien\u0173<\/span><\/em><\/li>\n<li class=\"li1\"><em><span class=\"s2\">Gars\u0173 kelion\u0119 klausykite ramioje erdv\u0117je, kur gal\u0117tum\u0117te maksimaliai atsipalaiduoti<\/span><\/em><\/li>\n<li class=\"li1\"><em><span class=\"s2\">Kelion\u0117 skirta klausyti tik su ausin\u0117mis, nes naudojamos specialos technikos \u012fvesti \u012f gilias s\u0105mon\u0117s b\u016bsenas<\/span><\/em><\/li>\n<li class=\"li1\"><em><span class=\"s2\">Jos metu rekomenduojama gul\u0117ti, s\u0117d\u0117ti ar \u0161velniai jud\u0117ti ir vis\u0105 d\u0117mes\u012f skirti procesui<\/span><\/em><\/li>\n<li class=\"li1\"><em><span class=\"s2\">Kad pajausti did\u017eiausi\u0105 praktikos vert\u0119, rekomenduojama \u00a0j\u0105 atlikti \u00a03-6 m\u0117nesius<\/span><\/em><\/li>\n<\/ul>\n<p data-start=\"734\" data-end=\"859\">\n","protected":false},"excerpt":{"rendered":"<p>15min. gars\u0173 terapija, kuri stimuliuoja ir sinchronizuoja abu smegen\u0173 pusrutulius pakaitomis. \ud83d\ude16 Vidin\u0117 perkrova, \u012fstrigimas \ud83c\udf00 Emocinis u\u017espaudimas, nuovargis \ud83d\udea8 Kai norisi l\u016b\u017eio i\u0161judinti \u201eu\u017erakint\u0105\u201c energij\u0105 \ud83e\uddd8\u200d\u2640\ufe0f Paleidimas prie\u0161 atsipalaidavim\u0105 \ud83c\udfa7 Sukurta klausyti tik per ausines (rekomenduojama rytais, nes vakare gali b\u016bti sunku u\u017emigti)\ud83c\udf2c\ufe0f Kv\u0117puoti laisvai\ud83e\uddd8\u200d\u2640\ufe0f Leisti garsui atlikti savo darb\u0105 Gars\u0173 klausykite \u0161velniai, garsiau [&hellip;]<\/p>\n","protected":false},"featured_media":3538,"comment_status":"open","ping_status":"closed","template":"","meta":{"om_disable_all_campaigns":false,"_monsterinsights_skip_tracking":false,"_monsterinsights_sitenote_active":false,"_monsterinsights_sitenote_note":"","_monsterinsights_sitenote_category":0,"site-sidebar-layout":"default","site-content-layout":"","ast-site-content-layout":"default","site-content-style":"default","site-sidebar-style":"default","ast-global-header-display":"","ast-banner-title-visibility":"","ast-main-header-display":"","ast-hfb-above-header-display":"","ast-hfb-below-header-display":"","ast-hfb-mobile-header-display":"","site-post-title":"","ast-breadcrumbs-content":"","ast-featured-img":"","footer-sml-layout":"","theme-transparent-header-meta":"default","adv-header-id-meta":"","stick-header-meta":"","header-above-stick-meta":"","header-main-stick-meta":"","header-below-stick-meta":"","astra-migrate-meta-layouts":"set","ast-page-background-enabled":"default","ast-page-background-meta":{"desktop":{"background-color":"","background-image":"","background-repeat":"repeat","background-position":"center center","background-size":"auto","background-attachment":"scroll","background-type":"","background-media":"","overlay-type":"","overlay-color":"","overlay-opacity":"","overlay-gradient":""},"tablet":{"background-color":"","background-image":"","background-repeat":"repeat","background-position":"center center","background-size":"auto","background-attachment":"scroll","background-type":"","background-media":"","overlay-type":"","overlay-color":"","overlay-opacity":"","overlay-gradient":""},"mobile":{"background-color":"","background-image":"","background-repeat":"repeat","background-position":"center center","background-size":"auto","background-attachment":"scroll","background-type":"","background-media":"","overlay-type":"","overlay-color":"","overlay-opacity":"","overlay-gradient":""}},"ast-content-background-meta":{"desktop":{"background-color":"var(--ast-global-color-5)","background-image":"","background-repeat":"repeat","background-position":"center center","background-size":"auto","background-attachment":"scroll","background-type":"","background-media":"","overlay-type":"","overlay-color":"","overlay-opacity":"","overlay-gradient":""},"tablet":{"background-color":"var(--ast-global-color-5)","background-image":"","background-repeat":"repeat","background-position":"center center","background-size":"auto","background-attachment":"scroll","background-type":"","background-media":"","overlay-type":"","overlay-color":"","overlay-opacity":"","overlay-gradient":""},"mobile":{"background-color":"var(--ast-global-color-5)","background-image":"","background-repeat":"repeat","background-position":"center center","background-size":"auto","background-attachment":"scroll","background-type":"","background-media":"","overlay-type":"","overlay-color":"","overlay-opacity":"","overlay-gradient":""}}},"product_brand":[],"product_cat":[47,33],"product_tag":[],"class_list":{"0":"post-3536","1":"product","2":"type-product","3":"status-publish","4":"has-post-thumbnail","6":"product_cat-meditacija","7":"product_cat-saves-pazinimas","8":"desktop-align-center","9":"tablet-align-left","10":"mobile-align-left","12":"first","13":"instock","14":"downloadable","15":"virtual","16":"purchasable","17":"product-type-simple"},"aioseo_notices":[],"_links":{"self":[{"href":"https:\/\/eglemarija.com\/index.php\/wp-json\/wp\/v2\/product\/3536","targetHints":{"allow":["GET"]}}],"collection":[{"href":"https:\/\/eglemarija.com\/index.php\/wp-json\/wp\/v2\/product"}],"about":[{"href":"https:\/\/eglemarija.com\/index.php\/wp-json\/wp\/v2\/types\/product"}],"replies":[{"embeddable":true,"href":"https:\/\/eglemarija.com\/index.php\/wp-json\/wp\/v2\/comments?post=3536"}],"wp:featuredmedia":[{"embeddable":true,"href":"https:\/\/eglemarija.com\/index.php\/wp-json\/wp\/v2\/media\/3538"}],"wp:attachment":[{"href":"https:\/\/eglemarija.com\/index.php\/wp-json\/wp\/v2\/media?parent=3536"}],"wp:term":[{"taxonomy":"product_brand","embeddable":true,"href":"https:\/\/eglemarija.com\/index.php\/wp-json\/wp\/v2\/product_brand?post=3536"},{"taxonomy":"product_cat","embeddable":true,"href":"https:\/\/eglemarija.com\/index.php\/wp-json\/wp\/v2\/product_cat?post=3536"},{"taxonomy":"product_tag","embeddable":true,"href":"https:\/\/eglemarija.com\/index.php\/wp-json\/wp\/v2\/product_tag?post=3536"}],"curies":[{"name":"wp","href":"https:\/\/api.w.org\/{rel}","templated":true}]}}