{"id":3303,"date":"2025-02-16T07:19:07","date_gmt":"2025-02-16T07:19:07","guid":{"rendered":"https:\/\/eglemarija.com\/?post_type=product&#038;p=3303"},"modified":"2026-02-23T17:33:12","modified_gmt":"2026-02-23T17:33:12","slug":"naujoji-zeme-susilygiuokite-su-mamos-zemes-virpesiais-gyvenimas-cia-ir-dabar","status":"publish","type":"product","link":"https:\/\/eglemarija.com\/index.php\/product\/naujoji-zeme-susilygiuokite-su-mamos-zemes-virpesiais-gyvenimas-cia-ir-dabar\/","title":{"rendered":"1 val. 2 min. Mama TARA. Naujoji \u017eem\u0117. Susilygiuokite su Mamos \u017eem\u0117s virpesiais. Gyvenimas \u010cia ir Dabar. (gars\u0173 kelion\u0117)"},"content":{"rendered":"<p class=\"p1\"><span class=\"s1\">Tai meditacijos &#8222;I\u0161silaisvinimas. Sielos fragmentacijos gydymas&#8221; t\u0119sinys. Rekomenduo\u010diau pirmiausia sujudinti senas \u012fsitikinim\u0173 sistemas su meditacija &#8222;I\u0161silaisvinimas&#8221; ir tik toliau t\u0119sti su Mama Tara.<\/span><\/p>\n<p class=\"p1\"><span class=\"s1\">Nes jei i\u0161kart prad\u0117site nuo Mama Tara, tai tiesiog gali b\u016bti sud\u0117tingiau susitvarkyti su procesais, nes jie tikrai vyks intensyv\u016bs. \u00a0<\/span><span class=\"s1\">\u017dinau, kad visada norisi Greitai \ud83d\ude04 <\/span><span class=\"s1\">Bet veikime s\u0105moningai ir harmoningai.<\/span><\/p>\n<p class=\"p1\"><span class=\"s1\">Na, o jei esi vidini\u0173 transformacij\u0173 veteranas, tai meditacija puikiai tiks ir be pirmos dalies.<\/span><\/p>\n<p class=\"p1\"><span class=\"s1\">Tai yra gars\u0173 kelion\u0117 tiems, kieno protas m\u0117gsta gyventi \u201cKa\u017ekur Ten\u201d, bet \u0161irdis nori b\u016bti \u010cia ir Dabar &#8211; \u0161<\/span><span class=\"s1\">iame k\u016bne, \u0161ioje \u017eem\u0117je, savo misijoje.<\/span><\/p>\n<ul>\n<li>Kartu su gars\u0173 kelione \u012f savo el. pa\u0161t\u0105 gausite informacij\u0105 k\u0105 svarbu \u017einoti praktikavimo laikotarpyje, b\u016btinai atsi\u017evelkite \u012f rekomendacijas, nes taip palengvinsite savo vibracij\u0173 kilimo proces\u0105<\/li>\n<li><span class=\"s1\">Prie\u0161 kiekvien\u0105 gars\u0173 kelion\u0119 i\u0161sirinkite intencij\u0105 (102 afirmacij\u0173 s\u0105ra\u0161\u0105 ir naudojimo instrukcij\u0105 kartu su gars\u0173 kelione gausite \u012f savo el. pa\u0161t\u0105) \u0161i gars\u0173 kelion\u0117 neturi balso vedimo<\/span><\/li>\n<li class=\"p1\"><span class=\"s1\">Gars\u0173 klausykite ramioje erdv\u0117je, kur gal\u0117tum\u0117te maksimaliai atsipalaiduoti<\/span><\/li>\n<li class=\"p1\"><span class=\"s1\">Kelion\u0117 skirta klausyti tik su ausin\u0117mis, nes naudojamos specialos technikos \u012fvesti \u012f gilias s\u0105mon\u0117s b\u016bsenas<\/span><\/li>\n<li><span class=\"s1\">Jos metu galite s\u0117d\u0117ti, gul\u0117ti, stov\u0117ti, jud\u0117ti, ta\u010diau vis\u0105 d\u0117mes\u012f skirkite procesui ir atsipalaidavimui<\/span><\/li>\n<li class=\"p1\"><span class=\"s1\">Rekomenduojama klausyti 3-6 m\u0117nesius, prie\u0161 mieg\u0105 (gars\u0173 virpesiai veda \u012f theta b\u016bdravimo b\u016bsen\u0105)<\/span><\/li>\n<li class=\"p1\"><span class=\"s1\">Atkreipkite d\u0117mes\u012f ar taisyklingai \u012fved\u0117te el. pa\u0161to adres\u0105, nes \u012f j\u012f gausite nuorod\u0105 failams parsisi\u0173sti. Jei nesulauk\u0117te \u012fsigyt\u0173 fail\u0173, per\u017ei\u016br\u0117kite visus savo el. pa\u0161to katalogus, grei\u010diausiai lai\u0161kas atsid\u016br\u0117 kitame aplanke<\/span><\/li>\n<li>Meditacij\u0105 parsisi\u0173skite \u012f savo \u012frengin\u012f, nuoroda i\u0161 kurios gal\u0117site parsisi\u0173sti galios 30 dien\u0173.<\/li>\n<\/ul>\n<div>\n<p>&nbsp;<\/p>\n<p class=\"p1\"><strong><span class=\"s1\"><u>Prigimtin\u0117 energija<\/u><\/span><\/strong> <a name=\"OLE_LINK1\"><\/a><em>stabilumas, Mama (\u0161ios \u017eem\u0117s ir Visatos kontekste), \u0161aknys\/prot\u0117viai (\u0161io \u012fsik\u016bnijimo ir kosminiai prot\u0117viai), misija, saugumas, pri\u0117mimas, intuicija, id\u0117jos, k\u016bryba, santykiai, emocinis intelektas, <span lang=\"LT\">\u017eem\u0117s vibracija, d\u017eiaugsmas, \u0161eima, likimo keitimas, <\/span>5 matmuo, <span lang=\"LT\">palaiminimas, atgimimas, bes\u0105lygin\u0117s meil\u0117s i\u0161mintis, iliuzij\u0173 pamatymas, kitoks pasaulis, autenti\u0161kumas, pas\u0105mon\u0117, <\/span>r\u016bpestingumas, gyd\u016bnas, transformacija, materija\/<span lang=\"LT\">fizinis k\u016bnas\/gausa,<\/span> pusiausvyra, vaisingumas, gyvybin\u0117 energija, dvasinis ry<span lang=\"LT\">\u0161ys.<\/span><\/em><\/p>\n<\/div>\n<p>&nbsp;<\/p>\n<p><span style=\"font-size: 16px;\">Deep Divers? \ud83e\udd3f\u00a0<\/span><\/p>\n<p class=\"p1\"><span class=\"s1\">\ud83c\udf0d <\/span><span class=\"s2\">MAMA TARA <\/span><span class=\"s1\">\ud83c\udf0d<\/span><\/p>\n<p class=\"p1\"><span class=\"s1\">Nesitik\u0117jau, kad Sielos fragment\u0173 susigr\u0105\u017einimo meditacija tur\u0117s 2 dal\u012f\u2026 Tai supratau tik u\u017ebaigusi kurti nauj\u0105 meditacij\u0105 MAMAI. Dar iki galo nesuprasdama, kad tai gerokai platesn\u0117 reik\u0161m\u0117. MAMA TARA meditacija yra aktyvacija santykyje Su mama, santykyje Esant mama, o dar pla\u010diau &#8211; ji skirta visiems Sielos Matricos Visatoje gyvenantiems vaikams, kurie pasiruo\u0161\u0119 per\u0117jimui ir savo misijai.<\/span><\/p>\n<p class=\"p1\"><span class=\"s1\">(Kai pradedu kurti meditacij\u0105, man visada ji atrodo tokia \u017eemi\u0161ka tema \ud83d\ude04 o k\u016brimo procese baigiasi platesniais ir gilesniais patyrimais\u2026)<\/span><\/p>\n<p class=\"p1\"><span class=\"s1\">Dabar nuo prad\u017ei\u0173\u2026<\/span><\/p>\n<p class=\"p1\"><span class=\"s1\">TARA &#8211; buvo 5D planeta, kuri sprogo ir <\/span>tapo neegzistuojan\u010dia, ta\u010diau i\u0161likusia energetiniam lygmenyje. Tara buvo planeta su auk\u0161tesniais energetiniais da\u017eniais ir s\u0105mon\u0117s lygiais. 5D pasauliai, kaip Tara, apib\u016bdinami kaip harmoninga, \u0161viesos ir s\u0105moningumo dimensija, kur gyvyb\u0117s formos yra auk\u0161tesn\u0117je vibracijoje nei 3D pasaulyje.<span class=\"s1\">\u00a0Jos energetin\u0117 strukt\u016bra atspindi m\u016bs\u0173 planetos ateit\u012f Sielos Matricos Visatoje. <\/span><\/p>\n<p class=\"p1\"><span class=\"s1\">Sielos Matricos Visata &#8211; tai kosmin\u0117 matrica, kurioje vyksta visos b\u016bties evoliucija ir s\u0105mon\u0117s i\u0161laisvinimas. Tai dvasin\u0117\/ energetin\u0117 dimensija, kurioje sielos auga, mokosi ir transformuojasi. <\/span><\/p>\n<p class=\"p1\"><span class=\"s1\">Jos sunaikinimas ir fragmentavimas buvo pagrindu, kod\u0117l m\u016bs\u0173 dabartin\u0117 3D \u017dem\u0117 ir kitos planetos susiformavo.<\/span><\/p>\n<p class=\"p1\"><span class=\"s1\">Katastrofa suard\u0117 5D Tara strukt\u016br\u0105 ir dalys buvo traukiamos \u012f \u017eemesnius matmenis, formuojant m\u016bs\u0173 Saul\u0117s sistem\u0105 ir, konkre\u010diai, m\u016bs\u0173 3D \u017dem\u0119.<\/span><\/p>\n<p class=\"p1\"><span class=\"s1\">Dabar mes esame pereinamojoje b\u016bsenoje, kur tank\u016bs praeities energij\u0173 liku\u010diai virsta lengvesniais, auk\u0161tesniais vipersiais. <\/span><\/p>\n<p class=\"p1\"><span class=\"s1\">Kylam i\u0161 3D Earth \u012f 5D Tara.<\/span><\/p>\n<p class=\"p1\"><span class=\"s1\">Atkurdami \u0161iuos fragmentus, mes v\u0117l susijungiam su Taros i\u0161mintimi ir genetiniais kodais, integruodami juos \u012f savo kilimo kelion\u0119.<\/span><\/p>\n<p class=\"p1\"><span class=\"s1\">Mielieji! Kas dabar skaitote\u2026 atsitiktinum\u0173 n\u0117ra. Mes nesam \u017dem\u0117s gyventojai, mes kosmin\u0117s b\u016btyb\u0117s, kurios turi gydymo, transformacijos ir susivienijimo su Visatos \u0161ventomis energijomis MISIJ\u0104. Mes visi esame to dalis.<\/span><\/p>\n<p class=\"p1\"><span class=\"s1\">Pereidami per \u0161\u012f kilimo cikl\u0105, mes visi prisiminsime savo Dievi\u0161k\u0105 kilm\u0119 ir b\u016btinyb\u0119 v\u0117l susijungti su TARA, tam, kad i\u0161gydytume prarastus ne tik savo kaip individualios esyb\u0117s, bet ir kolektyvin\u0117s s\u0105mon\u0117s fragmentus.<\/span><\/p>\n<p class=\"p1\"><span class=\"s1\">\u3030\ufe0f<\/span><\/p>\n<div>\n<p><span class=\"s1\">&#8211; Pirmapradis santykis atsispindi tavo \u017eingsniuose, kuris aidi per vis\u0105 gyvenim\u0105. Tai santykis su Mama. Ji buvo tavo pirmas jausmas ir pirmas ry\u0161ys. Ji globoja vis\u0105 tavo vidinio pasaulio lauk\u0105. O \u0161is laukas formuoja tavo gyvenim\u0105. Ar kada pagalvojai, kaip jis tave \u012ftakoja?<\/span><\/p>\n<p><span class=\"s1\">&#8211; \u00a0Atsipra\u0161au, bet atsakysiu \u012f klausim\u0105 klausimu. Ar teisingai suprantu, kad jei santykis su mama nebuvo artimas, tai ka\u017ekaip paveik\u0117 mano gyvenim\u0105?<\/span><\/p>\n<p><span class=\"s1\">&#8211; \u00a0\u017dinoma. Tai paveik\u0117 visk\u0105. Tai tavo vidinio pasaulio pamatas. Kai jis i\u0161balansuotas, su neu\u017egydytomis \u017eaizdomis, \u012ftampomis, neatleistomis nuoskaudomis, tu prarandi savo autenti\u0161kum\u0105 ir galios jausm\u0105 viduje, tuomet gyvenimas ir visa tikrov\u0117 i\u0161sikraipo. Tai kaip susilpn\u0117j\u0119s ar \u012fsitemp\u0119s raumuo, d\u0117l kurio suklypsta fizinis k\u016bnas. Tik per sveik\u0105, ties\u0173 ir atsiv\u0117rus\u012f k\u016bn\u0105 teka energija. To pasekoje, viskas atsispindi tavo santykiuose su savimi ir aplinka. Gyvenimas tampa upe arba pelke. Meil\u0117 sau ir geb\u0117jimas myl\u0117ti pasaul\u012f taip pat priklauso nuo to, kaip i\u0161gyveni ry\u0161\u012f su Mama. Jei ry\u0161ys pa\u017eeistas, tu negali tikrai priimti pasaulio su visomis jo spalvomis.<\/span><\/p>\n<p><span class=\"s1\">&#8211; \u00a0Tai vadinasi gyvenu iliuzijoje?<\/span><\/p>\n<p><span class=\"s1\">&#8211; \u00a0Taip! Kai ry\u0161ys su mama i\u0161kraipytas, pradedi kurti apsauginius sluoksnius &#8211; tam, kad apsisaugotum nuo skausmo. Ta\u010diau \u0161ie sluoksniai tik i\u0161kreipia tikrov\u0117s vaizd\u0105 ir atima tavo gyvenimo d\u017eiaugsm\u0105. Kai kokybi\u0161kai atstatai santyk\u012f, pradedi matyti tikr\u0105 pasaul\u012f.. be perd\u0117t\u0173 l\u016bkes\u010di\u0173, idealizacij\u0173, i\u0161sankstini\u0173 nuostat\u0173 ar i\u0161galvot\u0173 istorij\u0173.<\/span><\/p>\n<p><span class=\"s1\">&#8211; \u00a0O kaip atkurti ry\u0161\u012f?<\/span><\/p>\n<p><span class=\"s1\">&#8211; \u00a0Mes v\u0117l gr\u012f\u017etame prie alchemijos. Nusprendus nuo\u0161ird\u017eiai priimti tai kas buvo i\u0161kraipyta &#8211; metal\u0105 paverti auksu. Kitaip sakant, perkuri savo ateit\u012f Dabar, i\u0161 transformuoto praeities jausmo. Perkurti savo jausm\u0105 \u012f kokybi\u0161k\u0105, tolygu sukurti palankesn\u012f sau likim\u0105. Ir tai visai nepana\u0161u \u012f sukin\u0117jim\u0105si atgal praeitin ir bandym\u0105 analizuoti ir \u201ctaisyti\u201d i\u0161orin\u0117mis pastangomis.<\/span><\/p>\n<p><span class=\"s1\">&#8211; \u00a0O ar galiu i\u0161gydyti \u0161\u012f ry\u0161\u012f, jei mama jau paliko \u0161\u012f pasaul\u012f?<\/span><\/p>\n<p><span class=\"s1\">&#8211; \u00a0Energetinis ry\u0161ys gydomas per s\u0105mon\u0119 ir dvasi\u0105. Turi j\u0105 priimti, myl\u0117ti u\u017e tai, kad suteik\u0117 tau gyvyb\u0119, myl\u0117ti toki\u0105, kokia ji buvo ir yra.<span class=\"Apple-converted-space\">\u00a0 <\/span>\u012egalindamas j\u0105 per savo s\u0105mon\u0119 \u012fsigalini pats. \u017dinok, kad tavo ry\u0161ys su ja niekada nesibaigs, nes jis egzistuoja u\u017e laiko ir erdv\u0117s rib\u0173. Tik taip gali i\u0161gydyti praeit\u012f, ir ateit\u012f. Tau nereikia niekur gr\u012f\u017eti, tau nereikia nieko spr\u0119sti i\u0161 proto, nereikia nieko \u201cai\u0161kintis\u201d. Nes alchemija vyksta tavo \u0161irdyje. \u010cia ir Dabar.<\/span><\/p>\n<p><span class=\"s1\">\u3030\ufe0f<\/span><\/p>\n<p>Palaimingo klausymo, Mielieji.<\/p>\n<p>A\u0161 keliauju kartu su jumis \ud83e\udef6\ud83c\udffc<\/p>\n<p>&nbsp;<\/p>\n<\/div>\n","protected":false},"excerpt":{"rendered":"<p>Tai meditacijos &#8222;I\u0161silaisvinimas. Sielos fragmentacijos gydymas&#8221; t\u0119sinys. Rekomenduo\u010diau pirmiausia sujudinti senas \u012fsitikinim\u0173 sistemas su meditacija &#8222;I\u0161silaisvinimas&#8221; ir tik toliau t\u0119sti su Mama Tara. Nes jei i\u0161kart prad\u0117site nuo Mama Tara, tai tiesiog gali b\u016bti sud\u0117tingiau susitvarkyti su procesais, nes jie tikrai vyks intensyv\u016bs. \u00a0\u017dinau, kad visada norisi Greitai \ud83d\ude04 Bet veikime s\u0105moningai ir harmoningai. Na, [&hellip;]<\/p>\n","protected":false},"featured_media":3305,"comment_status":"open","ping_status":"closed","template":"","meta":{"om_disable_all_campaigns":false,"_monsterinsights_skip_tracking":false,"_monsterinsights_sitenote_active":false,"_monsterinsights_sitenote_note":"","_monsterinsights_sitenote_category":0,"site-sidebar-layout":"default","site-content-layout":"","ast-site-content-layout":"default","site-content-style":"default","site-sidebar-style":"default","ast-global-header-display":"","ast-banner-title-visibility":"","ast-main-header-display":"","ast-hfb-above-header-display":"","ast-hfb-below-header-display":"","ast-hfb-mobile-header-display":"","site-post-title":"","ast-breadcrumbs-content":"","ast-featured-img":"","footer-sml-layout":"","theme-transparent-header-meta":"default","adv-header-id-meta":"","stick-header-meta":"","header-above-stick-meta":"","header-main-stick-meta":"","header-below-stick-meta":"","astra-migrate-meta-layouts":"set","ast-page-background-enabled":"default","ast-page-background-meta":{"desktop":{"background-color":"","background-image":"","background-repeat":"repeat","background-position":"center center","background-size":"auto","background-attachment":"scroll","background-type":"","background-media":"","overlay-type":"","overlay-color":"","overlay-opacity":"","overlay-gradient":""},"tablet":{"background-color":"","background-image":"","background-repeat":"repeat","background-position":"center center","background-size":"auto","background-attachment":"scroll","background-type":"","background-media":"","overlay-type":"","overlay-color":"","overlay-opacity":"","overlay-gradient":""},"mobile":{"background-color":"","background-image":"","background-repeat":"repeat","background-position":"center center","background-size":"auto","background-attachment":"scroll","background-type":"","background-media":"","overlay-type":"","overlay-color":"","overlay-opacity":"","overlay-gradient":""}},"ast-content-background-meta":{"desktop":{"background-color":"var(--ast-global-color-5)","background-image":"","background-repeat":"repeat","background-position":"center center","background-size":"auto","background-attachment":"scroll","background-type":"","background-media":"","overlay-type":"","overlay-color":"","overlay-opacity":"","overlay-gradient":""},"tablet":{"background-color":"var(--ast-global-color-5)","background-image":"","background-repeat":"repeat","background-position":"center center","background-size":"auto","background-attachment":"scroll","background-type":"","background-media":"","overlay-type":"","overlay-color":"","overlay-opacity":"","overlay-gradient":""},"mobile":{"background-color":"var(--ast-global-color-5)","background-image":"","background-repeat":"repeat","background-position":"center center","background-size":"auto","background-attachment":"scroll","background-type":"","background-media":"","overlay-type":"","overlay-color":"","overlay-opacity":"","overlay-gradient":""}}},"product_brand":[],"product_cat":[47,33],"product_tag":[],"class_list":{"0":"post-3303","1":"product","2":"type-product","3":"status-publish","4":"has-post-thumbnail","6":"product_cat-meditacija","7":"product_cat-saves-pazinimas","8":"desktop-align-center","9":"tablet-align-left","10":"mobile-align-left","12":"first","13":"instock","14":"downloadable","15":"virtual","16":"purchasable","17":"product-type-simple"},"aioseo_notices":[],"_links":{"self":[{"href":"https:\/\/eglemarija.com\/index.php\/wp-json\/wp\/v2\/product\/3303","targetHints":{"allow":["GET"]}}],"collection":[{"href":"https:\/\/eglemarija.com\/index.php\/wp-json\/wp\/v2\/product"}],"about":[{"href":"https:\/\/eglemarija.com\/index.php\/wp-json\/wp\/v2\/types\/product"}],"replies":[{"embeddable":true,"href":"https:\/\/eglemarija.com\/index.php\/wp-json\/wp\/v2\/comments?post=3303"}],"wp:featuredmedia":[{"embeddable":true,"href":"https:\/\/eglemarija.com\/index.php\/wp-json\/wp\/v2\/media\/3305"}],"wp:attachment":[{"href":"https:\/\/eglemarija.com\/index.php\/wp-json\/wp\/v2\/media?parent=3303"}],"wp:term":[{"taxonomy":"product_brand","embeddable":true,"href":"https:\/\/eglemarija.com\/index.php\/wp-json\/wp\/v2\/product_brand?post=3303"},{"taxonomy":"product_cat","embeddable":true,"href":"https:\/\/eglemarija.com\/index.php\/wp-json\/wp\/v2\/product_cat?post=3303"},{"taxonomy":"product_tag","embeddable":true,"href":"https:\/\/eglemarija.com\/index.php\/wp-json\/wp\/v2\/product_tag?post=3303"}],"curies":[{"name":"wp","href":"https:\/\/api.w.org\/{rel}","templated":true}]}}