{"id":3208,"date":"2025-01-19T17:57:10","date_gmt":"2025-01-19T17:57:10","guid":{"rendered":"https:\/\/eglemarija.com\/?post_type=product&#038;p=3208"},"modified":"2025-10-20T09:52:20","modified_gmt":"2025-10-20T09:52:20","slug":"1-val-ritualine-meditacija","status":"publish","type":"product","link":"https:\/\/eglemarija.com\/index.php\/product\/1-val-ritualine-meditacija\/","title":{"rendered":"1 val. Ritualin\u0117 meditacija. \u0160irdies centro aktyvavimas (meditacija su balso vedimu)"},"content":{"rendered":"<ul>\n<li>Kartu su meditacija \u012f savo el. pa\u0161t\u0105 gausite informacij\u0105 k\u0105 svarbu \u017einoti praktikavimo laikotarpyje, b\u016btinai atsi\u017evelkite \u012f rekomendacijas, nes taip palengvinsite savo vibracij\u0173 kilimo proces\u0105<\/li>\n<li>Gausite 2 meditacijas (\u010dia mano naujas eksperimentas:)) viena meditacija rami, kita su psichodeliniu efektu, atsirinksite kokia jums mielesn\u0117<\/li>\n<li><span class=\"s1\">Meditacijoje yra balso vedimas, tod\u0117l jai niekaip pasiruo\u0161ti nereikia<\/span><\/li>\n<li class=\"p1\"><span class=\"s1\">Meditacij\u0105 klausykite ramioje erdv\u0117je, kur gal\u0117tum\u0117te maksimaliai atsipalaiduoti<\/span><\/li>\n<li class=\"p1\"><span class=\"s1\">Meditacija skirta klausyti tik su ausin\u0117mis<\/span><\/li>\n<li><span class=\"s1\">Meditacijos metu s\u0117d\u0117site arba gul\u0117site ir vis\u0105 d\u0117mes\u012f skirsite procesui ir atsipalaidavimui<\/span><\/li>\n<li class=\"p1\"><span class=\"s1\">Meditacij\u0105 klausyti kada pajausite, tiek intensyviai, kiek norisi<\/span><\/li>\n<li class=\"p1\"><span class=\"s1\">Atkreipkite d\u0117mes\u012f ar taisyklingai \u012fved\u0117te el. pa\u0161to adres\u0105, nes \u012f j\u012f gausite nuorod\u0105 failams parsisi\u0173sti. Jei nesulauk\u0117te \u012fsigyt\u0173 fail\u0173, per\u017ei\u016br\u0117kite visus savo el. pa\u0161to katalogus, grei\u010diausiai lai\u0161kas atsid\u016br\u0117 kitame aplanke<\/span><\/li>\n<li>Meditacij\u0105 parsisi\u0173skite \u012f savo \u012frengin\u012f, nuoroda i\u0161 kurios gal\u0117site parsisi\u0173sti galios 30 dien\u0173.<\/li>\n<li>Rekomenduoju nepergarsinti, klausyti \u0161velniai<\/li>\n<li>Prie\u0161 klausant meditacij\u0105, susitelkite \u012f meditacijos intencij\u0105 (bet koki\u0105 tem\u0105 savo gyvenime \u012f kuri\u0105 norite pasi\u0173sti \u0161viesos ir meil\u0117s), u\u017edekite \u017evakut\u0119<\/li>\n<\/ul>\n<p>&nbsp;<\/p>\n<p><strong><em>Apie meditacij\u0105<\/em><\/strong><\/p>\n<p>Nedaug\u017eod\u017eiausiu, tai meditacija apie meil\u0119. Visoki\u0105.<\/p>\n<p>Kuri padeda atleisti, paleisti, myl\u0117ti save ir visa kas gyva.<\/p>\n<p>Meil\u0117&#8230; kuri tirpdo visas baimes ir kvie\u010dia Gyventi, \u017dyd\u0117ti, Augti.<\/p>\n<p>Tai yra 1 valandos gryno buvimo savo \u0161irdies vandenyne, kuriame gimsta stebuklai.<\/p>\n<p>Pajausk savo intencij\u0105 ir keliaujam prisodinti ten meil\u0117s s\u0117kl\u0173 \ud83d\ude42<\/p>\n<p>&nbsp;<\/p>\n<p class=\"p1\"><span class=\"s1\">Albertas Ein\u0161teinas 1919 m. para\u0161\u0117 lai\u0161k\u0105 savo dukrai Lieserl Ein\u0161tein. Lai\u0161ke jis ra\u0161o apie meil\u0117s b\u016btinyb\u0119 \u017emogaus gyvenime. Dalinuosi \u012fkvepian\u010dia lai\u0161ko i\u0161trauka:<\/span><\/p>\n<p class=\"p1\"><span class=\"s1\">\u201eTikiuosi, kad tu su\u017einosi, kas yra tikroji meil\u0117. Tai ne tai, kas matoma m\u016bs\u0173 kasdieniame gyvenime. Tai ne tik fiziologinis potraukis\u2026 bet ir gili, dvasi\u0161kai prasminga jungtis tarp dviej\u0173 \u017emoni\u0173. Jei tu niekada nesusidursi su tokiu jausmu, tai bus labai li\u016bdna. Bet jei sutiksi, niekada nepraleisk to momento, nes meil\u0117 ir artimas ry\u0161ys yra vienas i\u0161 svarbiausi\u0173 dalyk\u0173 gyvenime.<\/span><\/p>\n<p class=\"p1\"><span class=\"s1\">Meil\u0117 n\u0117ra lengvas kelias, Lieserl, ir da\u017enai ji painioja m\u016bs\u0173 mintis, ver\u010dia mus abejoti ir klausti, kas i\u0161 ties\u0173 svarbu. Ta\u010diau b\u016btent meil\u0117 suteikia gyvenimui prasm\u0119, nes ji jungia mus su kitais, atveria m\u016bs\u0173 \u0161irdis ir leid\u017eia pamatyti pasaul\u012f i\u0161 skirting\u0173 perspektyv\u0173.<\/span><\/p>\n<p class=\"p1\"><span class=\"s1\">Jei tu kada nors susidursi su sunkumais, kai meil\u0117 atrodys nepasiekiama arba skausminga, atmink, kad tas jausmas, kaip ir viskas \u0161iame pasaulyje, yra laikinas ir meil\u0117 nuolat kei\u010dia savo form\u0105. Nebijok. Nes tik tada, kai leisi savo \u0161ird\u017eiai b\u016bti atvirai, gal\u0117si patirti tikr\u0105j\u0105 jos gali\u0105. <\/span><\/p>\n<p class=\"p1\"><span class=\"s1\">Meil\u0117 yra kaip mokslo atradimas &#8211; ji i\u0161 prad\u017ei\u0173 gali atrodyti paini ir nesuprantama, ta\u010diau laikui b\u0117gant tu j\u0105 suprasi vis giliau.<\/span><\/p>\n<p class=\"p1\"><span class=\"s1\">Niekada nesidrov\u0117k myl\u0117ti. Neleisk, kad baim\u0117 arba abejon\u0117s tave sulaikyt\u0173. Ir, jei kartais negausi meil\u0117s, kurios trok\u0161ti, neprarask vilties &#8211; tikroji meil\u0117 atsiras tada, kai ma\u017eiausiai to tik\u0117sies.<\/span><\/p>\n<p class=\"p1\"><span class=\"s1\">Meil\u0117 yra galinga j\u0117ga, galinti keisti pasaul\u012f.\u201d<\/span><\/p>\n<p class=\"p1\"><span class=\"s1\">Tavo t\u0117vas,<br \/>\nAlbertas Ein\u0161teinas<\/span><\/p>\n","protected":false},"excerpt":{"rendered":"<p>Kartu su meditacija \u012f savo el. pa\u0161t\u0105 gausite informacij\u0105 k\u0105 svarbu \u017einoti praktikavimo laikotarpyje, b\u016btinai atsi\u017evelkite \u012f rekomendacijas, nes taip palengvinsite savo vibracij\u0173 kilimo proces\u0105 Gausite 2 meditacijas (\u010dia mano naujas eksperimentas:)) viena meditacija rami, kita su psichodeliniu efektu, atsirinksite kokia jums mielesn\u0117 Meditacijoje yra balso vedimas, tod\u0117l jai niekaip pasiruo\u0161ti nereikia Meditacij\u0105 klausykite ramioje [&hellip;]<\/p>\n","protected":false},"featured_media":3244,"comment_status":"open","ping_status":"closed","template":"","meta":{"om_disable_all_campaigns":false,"_monsterinsights_skip_tracking":false,"_monsterinsights_sitenote_active":false,"_monsterinsights_sitenote_note":"","_monsterinsights_sitenote_category":0,"site-sidebar-layout":"default","site-content-layout":"","ast-site-content-layout":"default","site-content-style":"default","site-sidebar-style":"default","ast-global-header-display":"","ast-banner-title-visibility":"","ast-main-header-display":"","ast-hfb-above-header-display":"","ast-hfb-below-header-display":"","ast-hfb-mobile-header-display":"","site-post-title":"","ast-breadcrumbs-content":"","ast-featured-img":"","footer-sml-layout":"","theme-transparent-header-meta":"default","adv-header-id-meta":"","stick-header-meta":"","header-above-stick-meta":"","header-main-stick-meta":"","header-below-stick-meta":"","astra-migrate-meta-layouts":"set","ast-page-background-enabled":"default","ast-page-background-meta":{"desktop":{"background-color":"","background-image":"","background-repeat":"repeat","background-position":"center center","background-size":"auto","background-attachment":"scroll","background-type":"","background-media":"","overlay-type":"","overlay-color":"","overlay-opacity":"","overlay-gradient":""},"tablet":{"background-color":"","background-image":"","background-repeat":"repeat","background-position":"center center","background-size":"auto","background-attachment":"scroll","background-type":"","background-media":"","overlay-type":"","overlay-color":"","overlay-opacity":"","overlay-gradient":""},"mobile":{"background-color":"","background-image":"","background-repeat":"repeat","background-position":"center center","background-size":"auto","background-attachment":"scroll","background-type":"","background-media":"","overlay-type":"","overlay-color":"","overlay-opacity":"","overlay-gradient":""}},"ast-content-background-meta":{"desktop":{"background-color":"var(--ast-global-color-5)","background-image":"","background-repeat":"repeat","background-position":"center center","background-size":"auto","background-attachment":"scroll","background-type":"","background-media":"","overlay-type":"","overlay-color":"","overlay-opacity":"","overlay-gradient":""},"tablet":{"background-color":"var(--ast-global-color-5)","background-image":"","background-repeat":"repeat","background-position":"center center","background-size":"auto","background-attachment":"scroll","background-type":"","background-media":"","overlay-type":"","overlay-color":"","overlay-opacity":"","overlay-gradient":""},"mobile":{"background-color":"var(--ast-global-color-5)","background-image":"","background-repeat":"repeat","background-position":"center center","background-size":"auto","background-attachment":"scroll","background-type":"","background-media":"","overlay-type":"","overlay-color":"","overlay-opacity":"","overlay-gradient":""}}},"product_brand":[],"product_cat":[47,33],"product_tag":[],"class_list":{"0":"post-3208","1":"product","2":"type-product","3":"status-publish","4":"has-post-thumbnail","6":"product_cat-meditacija","7":"product_cat-saves-pazinimas","8":"desktop-align-center","9":"tablet-align-left","10":"mobile-align-left","12":"first","13":"instock","14":"downloadable","15":"virtual","16":"purchasable","17":"product-type-simple"},"aioseo_notices":[],"_links":{"self":[{"href":"https:\/\/eglemarija.com\/index.php\/wp-json\/wp\/v2\/product\/3208","targetHints":{"allow":["GET"]}}],"collection":[{"href":"https:\/\/eglemarija.com\/index.php\/wp-json\/wp\/v2\/product"}],"about":[{"href":"https:\/\/eglemarija.com\/index.php\/wp-json\/wp\/v2\/types\/product"}],"replies":[{"embeddable":true,"href":"https:\/\/eglemarija.com\/index.php\/wp-json\/wp\/v2\/comments?post=3208"}],"wp:featuredmedia":[{"embeddable":true,"href":"https:\/\/eglemarija.com\/index.php\/wp-json\/wp\/v2\/media\/3244"}],"wp:attachment":[{"href":"https:\/\/eglemarija.com\/index.php\/wp-json\/wp\/v2\/media?parent=3208"}],"wp:term":[{"taxonomy":"product_brand","embeddable":true,"href":"https:\/\/eglemarija.com\/index.php\/wp-json\/wp\/v2\/product_brand?post=3208"},{"taxonomy":"product_cat","embeddable":true,"href":"https:\/\/eglemarija.com\/index.php\/wp-json\/wp\/v2\/product_cat?post=3208"},{"taxonomy":"product_tag","embeddable":true,"href":"https:\/\/eglemarija.com\/index.php\/wp-json\/wp\/v2\/product_tag?post=3208"}],"curies":[{"name":"wp","href":"https:\/\/api.w.org\/{rel}","templated":true}]}}