{"id":3144,"date":"2024-11-06T16:15:17","date_gmt":"2024-11-06T16:15:17","guid":{"rendered":"https:\/\/eglemarija.com\/?post_type=product&#038;p=3144"},"modified":"2026-04-08T15:38:18","modified_gmt":"2026-04-08T15:38:18","slug":"1-val-konsultacija","status":"publish","type":"product","link":"https:\/\/eglemarija.com\/index.php\/product\/1-val-konsultacija\/","title":{"rendered":"1 val. Online Pokalbis"},"content":{"rendered":"<p><span data-verified=\"redactor\" data-redactor-tag=\"span\" data-redactor-style=\"font-family: &quot;Times New Roman&quot;;\"><em>Individuali konsultacija ir pokalbiai i\u0161 energetin\u0117s pus\u0117s, \u012fvairiomis temomis:<\/em><br \/>\n<\/span><\/p>\n<div>\n<p><span data-verified=\"redactor\" data-redactor-tag=\"span\" data-redactor-style=\"font-family: &quot;Times New Roman&quot;;\">&#8211; apie meditacijas ir praktikas<\/span><\/p>\n<p><span data-verified=\"redactor\" data-redactor-tag=\"span\" data-redactor-style=\"font-family: &quot;Times New Roman&quot;;\">&#8211; meil\u0119 sau, santykius su savimi ir aplinka<\/span><\/p>\n<p><span data-verified=\"redactor\" data-redactor-tag=\"span\" data-redactor-style=\"font-family: &quot;Times New Roman&quot;;\">&#8211; tamsi\u0105 sielos nakt\u012f, subtilias patirtis<\/span><\/p>\n<p><span data-verified=\"redactor\" data-redactor-tag=\"span\" data-redactor-style=\"font-family: &quot;Times New Roman&quot;;\">&#8211; gamtos medicin\u0105, integracij\u0105<\/span><\/p>\n<p><span data-verified=\"redactor\" data-redactor-tag=\"span\" data-redactor-style=\"font-family: &quot;Times New Roman&quot;;\">&#8211; k\u016bno ir proto sveikatinim\u0105<\/span><\/p>\n<p><span data-verified=\"redactor\" data-redactor-tag=\"span\" data-redactor-style=\"font-family: &quot;Times New Roman&quot;;\">Konsultacija <\/span><span data-verified=\"redactor\" data-redactor-tag=\"span\" data-redactor-style=\"font-family: &quot;Times New Roman&quot;;\">skirta tiems, kuri\u0173 vidiniai i\u0161gyvenimai nesutelpa \u012f psichologijos vadov\u0117lius. Taip pat tiems, kurie nori nuo\u0161ird\u017eiai save pa\u017einti ir suprasti. Jei norite saus\u0173 atsakym\u0173, pas mane j\u0173 nerasite.<\/span><\/p>\n<p>Kadangi konsultacija trunka tik 1 val., u\u017eduosiu nam\u0173 darb\u0173, kad tur\u0117tum\u0117te informacij\u0105 ir toliau gal\u0117tum\u0117te naviguoti patys.<\/p>\n<p>Po \u012fsigijimo \u012f savo el. pa\u0161t\u0105 gausite klausimyn\u0105, kur\u012f galite atsi\u0173sti likus 7 d. iki seanso.<\/p>\n<\/div>\n<p><span style=\"color: #ff99cc;\"><strong data-redactor-tag=\"strong\">*Prie\u0161 \u012fsigyjant, pirmiausia susitarkite d\u0117l konsultacijos laiko, nes priklausomai nuo kolektyvini\u0173 proces\u0173 b\u016bna, kad laiko neturiu 2 m\u0117n. \u012f priek\u012f, o v\u0117liau neregistruoju (susisiekti instagram <span style=\"color: #0000ff;\">@eglemarija.origin<\/span>)<\/strong><\/span><\/p>\n<p><em>**Persigalvojus ar pav\u0117lavus u\u017e konsultacij\u0105 pinigai negr\u0105\u017einami<\/em><\/p>\n","protected":false},"excerpt":{"rendered":"<p>Individuali konsultacija ir pokalbiai i\u0161 energetin\u0117s pus\u0117s, \u012fvairiomis temomis: &#8211; apie meditacijas ir praktikas &#8211; meil\u0119 sau, santykius su savimi ir aplinka &#8211; tamsi\u0105 sielos nakt\u012f, subtilias patirtis &#8211; gamtos medicin\u0105, integracij\u0105 &#8211; k\u016bno ir proto sveikatinim\u0105 Konsultacija skirta tiems, kuri\u0173 vidiniai i\u0161gyvenimai nesutelpa \u012f psichologijos vadov\u0117lius. Taip pat tiems, kurie nori nuo\u0161ird\u017eiai save pa\u017einti [&hellip;]<\/p>\n","protected":false},"featured_media":3902,"comment_status":"open","ping_status":"closed","template":"","meta":{"om_disable_all_campaigns":false,"_monsterinsights_skip_tracking":false,"_monsterinsights_sitenote_active":false,"_monsterinsights_sitenote_note":"","_monsterinsights_sitenote_category":0,"site-sidebar-layout":"default","site-content-layout":"","ast-site-content-layout":"default","site-content-style":"default","site-sidebar-style":"default","ast-global-header-display":"","ast-banner-title-visibility":"","ast-main-header-display":"","ast-hfb-above-header-display":"","ast-hfb-below-header-display":"","ast-hfb-mobile-header-display":"","site-post-title":"","ast-breadcrumbs-content":"","ast-featured-img":"","footer-sml-layout":"","theme-transparent-header-meta":"default","adv-header-id-meta":"","stick-header-meta":"","header-above-stick-meta":"","header-main-stick-meta":"","header-below-stick-meta":"","astra-migrate-meta-layouts":"set","ast-page-background-enabled":"default","ast-page-background-meta":{"desktop":{"background-color":"","background-image":"","background-repeat":"repeat","background-position":"center center","background-size":"auto","background-attachment":"scroll","background-type":"","background-media":"","overlay-type":"","overlay-color":"","overlay-opacity":"","overlay-gradient":""},"tablet":{"background-color":"","background-image":"","background-repeat":"repeat","background-position":"center center","background-size":"auto","background-attachment":"scroll","background-type":"","background-media":"","overlay-type":"","overlay-color":"","overlay-opacity":"","overlay-gradient":""},"mobile":{"background-color":"","background-image":"","background-repeat":"repeat","background-position":"center center","background-size":"auto","background-attachment":"scroll","background-type":"","background-media":"","overlay-type":"","overlay-color":"","overlay-opacity":"","overlay-gradient":""}},"ast-content-background-meta":{"desktop":{"background-color":"var(--ast-global-color-5)","background-image":"","background-repeat":"repeat","background-position":"center center","background-size":"auto","background-attachment":"scroll","background-type":"","background-media":"","overlay-type":"","overlay-color":"","overlay-opacity":"","overlay-gradient":""},"tablet":{"background-color":"var(--ast-global-color-5)","background-image":"","background-repeat":"repeat","background-position":"center center","background-size":"auto","background-attachment":"scroll","background-type":"","background-media":"","overlay-type":"","overlay-color":"","overlay-opacity":"","overlay-gradient":""},"mobile":{"background-color":"var(--ast-global-color-5)","background-image":"","background-repeat":"repeat","background-position":"center center","background-size":"auto","background-attachment":"scroll","background-type":"","background-media":"","overlay-type":"","overlay-color":"","overlay-opacity":"","overlay-gradient":""}}},"product_brand":[],"product_cat":[46],"product_tag":[],"class_list":{"0":"post-3144","1":"product","2":"type-product","3":"status-publish","4":"has-post-thumbnail","6":"product_cat-seansai","7":"desktop-align-center","8":"tablet-align-left","9":"mobile-align-left","11":"first","12":"outofstock","13":"downloadable","14":"virtual","15":"purchasable","16":"product-type-simple"},"aioseo_notices":[],"_links":{"self":[{"href":"https:\/\/eglemarija.com\/index.php\/wp-json\/wp\/v2\/product\/3144","targetHints":{"allow":["GET"]}}],"collection":[{"href":"https:\/\/eglemarija.com\/index.php\/wp-json\/wp\/v2\/product"}],"about":[{"href":"https:\/\/eglemarija.com\/index.php\/wp-json\/wp\/v2\/types\/product"}],"replies":[{"embeddable":true,"href":"https:\/\/eglemarija.com\/index.php\/wp-json\/wp\/v2\/comments?post=3144"}],"wp:featuredmedia":[{"embeddable":true,"href":"https:\/\/eglemarija.com\/index.php\/wp-json\/wp\/v2\/media\/3902"}],"wp:attachment":[{"href":"https:\/\/eglemarija.com\/index.php\/wp-json\/wp\/v2\/media?parent=3144"}],"wp:term":[{"taxonomy":"product_brand","embeddable":true,"href":"https:\/\/eglemarija.com\/index.php\/wp-json\/wp\/v2\/product_brand?post=3144"},{"taxonomy":"product_cat","embeddable":true,"href":"https:\/\/eglemarija.com\/index.php\/wp-json\/wp\/v2\/product_cat?post=3144"},{"taxonomy":"product_tag","embeddable":true,"href":"https:\/\/eglemarija.com\/index.php\/wp-json\/wp\/v2\/product_tag?post=3144"}],"curies":[{"name":"wp","href":"https:\/\/api.w.org\/{rel}","templated":true}]}}