{"id":2750,"date":"2024-07-29T10:24:07","date_gmt":"2024-07-29T10:24:07","guid":{"rendered":"https:\/\/eglemarija.com\/?post_type=product&#038;p=2750"},"modified":"2026-02-23T17:21:44","modified_gmt":"2026-02-23T17:21:44","slug":"37-min-issilaisvinimas-susigrazinkite-savo-sielos-fragmentus","status":"publish","type":"product","link":"https:\/\/eglemarija.com\/index.php\/product\/37-min-issilaisvinimas-susigrazinkite-savo-sielos-fragmentus\/","title":{"rendered":"37 min. I\u0161silaisvinimas. Sielos fragmentacijos gydymas (meditacija su balso vedimu)"},"content":{"rendered":"<ul>\n<li>Kartu su meditacija \u012f savo el. pa\u0161t\u0105 gausite informacij\u0105 k\u0105 svarbu \u017einoti praktikavimo laikotarpyje, b\u016btinai atsi\u017evelkite \u012f rekomendacijas, nes taip palengvinsite savo vibracij\u0173 kilimo proces\u0105<\/li>\n<li><span class=\"s1\">Meditacijoje yra balso vedimas, tod\u0117l jai niekaip pasiruo\u0161ti nereikia<\/span><\/li>\n<li class=\"p1\"><span class=\"s1\">Meditacij\u0105 klausykite ramioje erdv\u0117je, kur gal\u0117tum\u0117te maksimaliai atsipalaiduoti<\/span><\/li>\n<li class=\"p1\"><span class=\"s1\">Meditacija skirta klausyti su ausin\u0117mis<\/span><\/li>\n<li><span class=\"s1\">Meditacijos metu gul\u0117site ir vis\u0105 d\u0117mes\u012f skirsite procesui ir atsipalaidavimui<\/span><\/li>\n<li class=\"p1\"><span class=\"s1\">Meditacij\u0105 klausyti 3-6 m\u0117nesius, ryte arba vakare, arba tiek intensyviai, kiek norisi<\/span><\/li>\n<li class=\"p1\"><span class=\"s1\">Atkreipkite d\u0117mes\u012f ar taisyklingai \u012fved\u0117te el. pa\u0161to adres\u0105, nes \u012f j\u012f gausite nuorod\u0105 failams parsisi\u0173sti. Jei nesulauk\u0117te \u012fsigyt\u0173 fail\u0173, per\u017ei\u016br\u0117kite visus savo el. pa\u0161to katalogus, grei\u010diausiai lai\u0161kas atsid\u016br\u0117 kitame aplanke<\/span><\/li>\n<li>Meditacij\u0105 parsisi\u0173skite \u012f savo \u012frengin\u012f, nuoroda i\u0161 kurios gal\u0117site parsisi\u0173sti galios 30 dien\u0173.<\/li>\n<li>Rekomenduoju neu\u017esigarsinti, klausyti \u0161velniai<\/li>\n<li>Prie\u0161 klausant meditacij\u0105, susitelkite \u012f meditacijos intencij\u0105 (sielos fragment\u0173 susigr\u0105\u017einim\u0105) ir\u00a0u\u017edekite balt\u0105 \u017evak\u0119<\/li>\n<\/ul>\n<p style=\"text-align: center;\"><span class=\"s1\"><strong><em>Apie \u201cI\u0161silaisvinimas\u201d meditacij\u0105<\/em><\/strong><\/span><\/p>\n<p class=\"p1\"><span class=\"s1\">Tai \u2014 mano de\u0161imties ceremonij\u0173 patirtis, pus\u0117s met\u0173 pajautos, paleidim\u0173, i\u0161gyvenim\u0173, \u012fsigalinimo, k\u016brybos, i\u0161gryninimo ir auk\u0161tesni\u0173 sfer\u0173 i\u0161minties. Prie\u0161 kelias dienas baigiau \u0161\u012f, man labai sakral\u0173 proces\u0105, ir mano \u0161irdis dega nor\u0117dama pasidalinti \ud83d\ude42<\/span><\/p>\n<p class=\"p1\"><span class=\"s1\">\u0160ios praktikos tikslas \u2014 per j\u016bs\u0173 pa\u010di\u0173 laisv\u0105 vali\u0105 atsijungti nuo neigiam\u0173 \u012ftak\u0173, veikian\u010di\u0173 j\u016bs\u0173 sveikat\u0105, vidines b\u016bsenas ir santykius. Ji \u012f\u017eiebs j\u016bs\u0173 sielos gali\u0105, bei\u00a0gyvybin\u0117s energijos srautus ir suteiks galimyb\u0119 atsiriboti nuo egregor\u0173, u\u017ekalb\u0117jim\u0173, priri\u0161im\u0173 ir aukos pozicijos. \u0160i praktika atri\u0161 energetinius mazgus, i\u0161grynins gimin\u0117s karmos \u012fspaudus, leis jums paleisti ligas, pavyd\u0105, prakeiksmus ir pyk\u010dio srautus, kurie gali b\u016bti nukreipti \u012f j\u016bs\u0173 energetin\u012f lauk\u0105 arba paveld\u0117ti i\u0161 prot\u0117vi\u0173.<\/span><\/p>\n<p class=\"p1\"><span class=\"s1\">Meditacija taip pat pad\u0117s jums atpa\u017einti mel\u0105 ir visas tas istorijas, kurias sau pasakojate, bijodami priimti b\u016btinus sprendimus, kad gal\u0117tum\u0117te pakeisti savo likim\u0105. <\/span><\/p>\n<p class=\"p1\"><span class=\"s1\">Paleiskite abejones, nepasitik\u0117jim\u0105 savimi ir neigiam\u0173 min\u010di\u0173 modelius, leiskite sau atgimti i\u0161 naujo, kur baim\u0117 nebemaskuos j\u016bs\u0173 tikrosios prigimties. <\/span><\/p>\n<p class=\"p1\"><span class=\"s1\">Transformuokite apgaul\u0117s, manipuliacij\u0173, i\u0161davys\u010di\u0173, smurto, prievartos ir toksi\u0161k\u0173 santyki\u0173 pasekmes. Ir pagaliau sukurkite sveikus, harmoningus ir meile pagr\u012fstus santykius su savimi ir kitais.<\/span><\/p>\n<p class=\"p1\"><span class=\"s1\">Suaktyvindami savo sielos gali\u0105 ir sveik\u0105 kontrol\u0119, tapsite K\u016br\u0117jo pavyzd\u017eiu. B\u016bsite s\u0105moningi ir atsakingi u\u017e savo veiksmus, pasirinkimus ir gyvenimo aplinkybes. Daugiau nebeliks to &#8222;nesuprantu&#8221; gyvenime. Ai\u0161kiai matysite prie\u017easties pasekm\u0117s d\u0117sn\u012f.<\/span><\/p>\n<p class=\"p1\"><span class=\"s1\">Jei ie\u0161kote b\u016bdo, kaip atsiriboti nuo neigiam\u0173 \u012ftak\u0173 ir kurti gyvenim\u0105 tok\u012f, kokio norite, kvie\u010diu jus \u012fsileisti \u012f save Dievi\u0161kuosius srautus ir leisti nekokybi\u0161koms energijoms i\u0161tirpti j\u016bs\u0173 \u0161irdies vandenyne. <\/span><\/p>\n<p class=\"p1\"><span class=\"s1\">Atsiverkite dvasinei alchemijai, kurioje j\u016bs esate K\u016br\u0117jas. <\/span><\/p>\n<p><strong><em>Meditacijos muzikos garsai:<\/em><\/strong><\/p>\n<p><em><strong>528 Hz<\/strong> \u2013 moksle \u0161i vibracija apibr\u0117\u017eiama kaip stebukl\u0173 ir meil\u0117s virpesiai. Skatina pozityvi\u0105 transformacij\u0105, gili\u0105 DNR regeneracij\u0105, suaktyvina \u0161irdies centr\u0105, i\u0161ple\u010dia, \u012ftraukia \u012f misterines patirtis. Tai vibracija, kuri suvirpina tai, kas u\u017esistov\u0117j\u0119, ir padeda i\u0161laisvinti u\u017estrigusias energijas. 528 Hz vibracija visada \u012fveda labai didelius teigiamus poky\u010dius \u012f m\u016bs\u0173 gyvenim\u0105.<\/em><\/p>\n<p><em><strong>\u0160amaninis b\u016bgnas &#8222;Kalachakra Journey Drum&#8221;<\/strong>. \u0160is b\u016bgnelis, pie\u0161tas Kalachakra mandalos simboliu,\u00a0simbolizuojan\u010diu \u012fvairias laiko ir kosmoso dimensijas. Kalachakra dievyb\u0117 yra susijusi su laiko valdymu ir visatos harmonija. B\u016bgnelio energija skatina gil\u0173 dvasin\u012f pa\u017einim\u0105 ir s\u0105mon\u0117s\u00a0i\u0161sipl\u0117tim\u0105.<\/em><\/p>\n<p><em><strong>\u0160amaninis b\u016bgnas\u00a0&#8222;Guardian Spirit of Deer&#8221;<\/strong>. Jis padeda sukurti energetin\u0119 apsaug\u0105 ir stiprina ry\u0161\u012f su \u017eeme, suteikdamas stabilumo jausm\u0105.\u00a0Jo ritmas padeda \u012fsi\u017eeminti, susitelkti, atsipalaiduoti ir gr\u012f\u017eti \u012f dvasin\u012f centr\u0105.<\/em><\/p>\n<p><em><strong>M\u0117nulio b\u016bgnelis<\/strong> &#8211; atpalaiduoja, ma\u017eina stres\u0105 ir \u012ftamp\u0105, subalansuoja emocijas ir pagerina nuotaik\u0105. Jo raminantys garsai padeda susikaupti ir panirti \u012f gilias samon\u0117s b\u016bsenas. Stimuliuoja k\u016brybi\u0161kum\u0105 ir suteikia \u012fkv\u0117pimo. <\/em><\/p>\n<p><em><strong>Chakapa<\/strong> &#8211; \u0161i \u0161amanin\u0117 &#8216;vantel\u0117&#8217;, energetiko rankose tampa priemone, padedan\u010dia valdyti energijos srautus per k\u016bn\u0105 ir aur\u0105. Ji naudojama per ritualus, ceremonijas, kad \u201enuvalyt\u0173\u201c arba \u201ei\u0161valyt\u0173\u201c neigiam\u0105 energij\u0105 ir taip pat skatint\u0173 teigiamos energijos sraut\u0105. Chakapos lapai, sukelia \u0161veln\u0173 \u0161nar\u0117jimo gars\u0105, tod\u0117l padeda k\u016bnui atsipalaiduoti, o protui sutelkti d\u0117mes\u012f.\u00a0<\/em><\/p>\n<p><em><strong>Rain stick. <\/strong>Lietaus lazdos garsai siejasi su vandens elementu, kuris energeti\u0161kai susijung\u0119s su keliais k\u016bno centrais (\u010dakromis):<\/em><\/p>\n<ul>\n<li><strong>Sakralin\u0117 \u010dakra (Svadhisthana):<\/strong> Sakralin\u0117 \u010dakra yra antra \u010dakra, esanti ma\u017edaug 2-3 cm \u017eemiau bambos. Ji yra susijusi su vandens elementu, k\u016brybi\u0161kumu, emocijomis, seksualine energija ir tek\u0117jimo jausmu gyvenime. Rain stick garsai padeda harmonizuoti \u0161i\u0105 \u010dakr\u0105, skatina emocin\u012f balans\u0105, k\u016brybi\u0161kum\u0105 ir intuityv\u0173 pajautim\u0105.<\/li>\n<li><strong>\u0160irdies \u010dakra (Anahata):<\/strong> Nors \u0161irdies \u010dakra da\u017eniausiai siejama su oro elementu, lietaus lazdos garsai intensyviai veikia ir \u0161\u012f centr\u0105, skatindami meil\u0119, atjaut\u0105, pri\u0117mim\u0105 ir emocin\u012f atvirum\u0105. Gars\u0173 terapija su rain stick padeda \u201enuplauti\u201c emocin\u0119 \u012ftamp\u0105, sustiprina empatij\u0105 ir meil\u0119.<\/li>\n<\/ul>\n<p><em><strong>Kiekvienas muzikos virpesys, tempas, trukm\u0117 &#8211; turi savo unikali\u0105 istorij\u0105<\/strong> ir tem\u0105, kiekvienas j\u0173 kilo i\u0161 skirting\u0173 ceremonij\u0173 ir j\u0173 \u0161altini\u0173.<\/em><\/p>\n<p>&nbsp;<\/p>\n<p>&nbsp;<\/p>\n","protected":false},"excerpt":{"rendered":"<p>Kartu su meditacija \u012f savo el. pa\u0161t\u0105 gausite informacij\u0105 k\u0105 svarbu \u017einoti praktikavimo laikotarpyje, b\u016btinai atsi\u017evelkite \u012f rekomendacijas, nes taip palengvinsite savo vibracij\u0173 kilimo proces\u0105 Meditacijoje yra balso vedimas, tod\u0117l jai niekaip pasiruo\u0161ti nereikia Meditacij\u0105 klausykite ramioje erdv\u0117je, kur gal\u0117tum\u0117te maksimaliai atsipalaiduoti Meditacija skirta klausyti su ausin\u0117mis Meditacijos metu gul\u0117site ir vis\u0105 d\u0117mes\u012f skirsite procesui [&hellip;]<\/p>\n","protected":false},"featured_media":2785,"comment_status":"open","ping_status":"closed","template":"","meta":{"om_disable_all_campaigns":false,"_monsterinsights_skip_tracking":false,"_monsterinsights_sitenote_active":false,"_monsterinsights_sitenote_note":"","_monsterinsights_sitenote_category":0,"site-sidebar-layout":"default","site-content-layout":"","ast-site-content-layout":"default","site-content-style":"default","site-sidebar-style":"default","ast-global-header-display":"","ast-banner-title-visibility":"","ast-main-header-display":"","ast-hfb-above-header-display":"","ast-hfb-below-header-display":"","ast-hfb-mobile-header-display":"","site-post-title":"","ast-breadcrumbs-content":"","ast-featured-img":"","footer-sml-layout":"","theme-transparent-header-meta":"default","adv-header-id-meta":"","stick-header-meta":"","header-above-stick-meta":"","header-main-stick-meta":"","header-below-stick-meta":"","astra-migrate-meta-layouts":"set","ast-page-background-enabled":"default","ast-page-background-meta":{"desktop":{"background-color":"","background-image":"","background-repeat":"repeat","background-position":"center center","background-size":"auto","background-attachment":"scroll","background-type":"","background-media":"","overlay-type":"","overlay-color":"","overlay-opacity":"","overlay-gradient":""},"tablet":{"background-color":"","background-image":"","background-repeat":"repeat","background-position":"center center","background-size":"auto","background-attachment":"scroll","background-type":"","background-media":"","overlay-type":"","overlay-color":"","overlay-opacity":"","overlay-gradient":""},"mobile":{"background-color":"","background-image":"","background-repeat":"repeat","background-position":"center center","background-size":"auto","background-attachment":"scroll","background-type":"","background-media":"","overlay-type":"","overlay-color":"","overlay-opacity":"","overlay-gradient":""}},"ast-content-background-meta":{"desktop":{"background-color":"var(--ast-global-color-5)","background-image":"","background-repeat":"repeat","background-position":"center center","background-size":"auto","background-attachment":"scroll","background-type":"","background-media":"","overlay-type":"","overlay-color":"","overlay-opacity":"","overlay-gradient":""},"tablet":{"background-color":"var(--ast-global-color-5)","background-image":"","background-repeat":"repeat","background-position":"center center","background-size":"auto","background-attachment":"scroll","background-type":"","background-media":"","overlay-type":"","overlay-color":"","overlay-opacity":"","overlay-gradient":""},"mobile":{"background-color":"var(--ast-global-color-5)","background-image":"","background-repeat":"repeat","background-position":"center center","background-size":"auto","background-attachment":"scroll","background-type":"","background-media":"","overlay-type":"","overlay-color":"","overlay-opacity":"","overlay-gradient":""}}},"product_brand":[],"product_cat":[47,33],"product_tag":[],"class_list":{"0":"post-2750","1":"product","2":"type-product","3":"status-publish","4":"has-post-thumbnail","6":"product_cat-meditacija","7":"product_cat-saves-pazinimas","8":"desktop-align-center","9":"tablet-align-left","10":"mobile-align-left","12":"first","13":"instock","14":"downloadable","15":"virtual","16":"purchasable","17":"product-type-simple"},"aioseo_notices":[],"_links":{"self":[{"href":"https:\/\/eglemarija.com\/index.php\/wp-json\/wp\/v2\/product\/2750","targetHints":{"allow":["GET"]}}],"collection":[{"href":"https:\/\/eglemarija.com\/index.php\/wp-json\/wp\/v2\/product"}],"about":[{"href":"https:\/\/eglemarija.com\/index.php\/wp-json\/wp\/v2\/types\/product"}],"replies":[{"embeddable":true,"href":"https:\/\/eglemarija.com\/index.php\/wp-json\/wp\/v2\/comments?post=2750"}],"wp:featuredmedia":[{"embeddable":true,"href":"https:\/\/eglemarija.com\/index.php\/wp-json\/wp\/v2\/media\/2785"}],"wp:attachment":[{"href":"https:\/\/eglemarija.com\/index.php\/wp-json\/wp\/v2\/media?parent=2750"}],"wp:term":[{"taxonomy":"product_brand","embeddable":true,"href":"https:\/\/eglemarija.com\/index.php\/wp-json\/wp\/v2\/product_brand?post=2750"},{"taxonomy":"product_cat","embeddable":true,"href":"https:\/\/eglemarija.com\/index.php\/wp-json\/wp\/v2\/product_cat?post=2750"},{"taxonomy":"product_tag","embeddable":true,"href":"https:\/\/eglemarija.com\/index.php\/wp-json\/wp\/v2\/product_tag?post=2750"}],"curies":[{"name":"wp","href":"https:\/\/api.w.org\/{rel}","templated":true}]}}