{"id":228,"date":"2020-09-11T01:19:29","date_gmt":"2020-09-11T01:19:29","guid":{"rendered":"https:\/\/eglemarija.com\/index.php\/programs\/"},"modified":"2024-10-20T09:30:26","modified_gmt":"2024-10-20T09:30:26","slug":"programs","status":"publish","type":"page","link":"https:\/\/eglemarija.com\/index.php\/programs\/","title":{"rendered":"Programs"},"content":{"rendered":"\t\t<div data-elementor-type=\"wp-page\" data-elementor-id=\"228\" class=\"elementor elementor-228\" data-elementor-post-type=\"page\">\n\t\t\t\t\t\t<section class=\"elementor-section elementor-top-section elementor-element elementor-element-24820c2 elementor-section-boxed elementor-section-height-default elementor-section-height-default\" data-id=\"24820c2\" data-element_type=\"section\" data-e-type=\"section\" data-settings=\"{&quot;background_background&quot;:&quot;slideshow&quot;,&quot;background_slideshow_gallery&quot;:[{&quot;id&quot;:1412,&quot;url&quot;:&quot;https:\\\/\\\/eglemarija.com\\\/wp-content\\\/uploads\\\/2024\\\/01\\\/pexels-photo-13845998.jpeg&quot;}],&quot;background_slideshow_ken_burns&quot;:&quot;yes&quot;,&quot;background_slideshow_ken_burns_zoom_direction&quot;:&quot;out&quot;,&quot;background_slideshow_loop&quot;:&quot;yes&quot;,&quot;background_slideshow_slide_duration&quot;:5000,&quot;background_slideshow_slide_transition&quot;:&quot;fade&quot;,&quot;background_slideshow_transition_duration&quot;:500}\">\n\t\t\t\t\t\t\t<div class=\"elementor-background-overlay\"><\/div>\n\t\t\t\t\t\t\t<div class=\"elementor-container elementor-column-gap-no\">\n\t\t\t\t\t<div class=\"elementor-column elementor-col-100 elementor-top-column elementor-element elementor-element-e56810d\" data-id=\"e56810d\" data-element_type=\"column\" data-e-type=\"column\">\n\t\t\t<div class=\"elementor-widget-wrap elementor-element-populated\">\n\t\t\t\t\t\t<div class=\"elementor-element elementor-element-d341642 e-transform elementor-widget elementor-widget-heading\" data-id=\"d341642\" data-element_type=\"widget\" data-e-type=\"widget\" data-settings=\"{&quot;_transform_rotateZ_effect&quot;:{&quot;unit&quot;:&quot;px&quot;,&quot;size&quot;:0,&quot;sizes&quot;:[]},&quot;_transform_rotate_3d&quot;:&quot;yes&quot;,&quot;_transform_perspective_effect&quot;:{&quot;unit&quot;:&quot;px&quot;,&quot;size&quot;:0,&quot;sizes&quot;:[]},&quot;_transform_rotateZ_effect_tablet&quot;:{&quot;unit&quot;:&quot;deg&quot;,&quot;size&quot;:&quot;&quot;,&quot;sizes&quot;:[]},&quot;_transform_rotateZ_effect_mobile&quot;:{&quot;unit&quot;:&quot;deg&quot;,&quot;size&quot;:&quot;&quot;,&quot;sizes&quot;:[]},&quot;_transform_rotateX_effect&quot;:{&quot;unit&quot;:&quot;px&quot;,&quot;size&quot;:&quot;&quot;,&quot;sizes&quot;:[]},&quot;_transform_rotateX_effect_tablet&quot;:{&quot;unit&quot;:&quot;deg&quot;,&quot;size&quot;:&quot;&quot;,&quot;sizes&quot;:[]},&quot;_transform_rotateX_effect_mobile&quot;:{&quot;unit&quot;:&quot;deg&quot;,&quot;size&quot;:&quot;&quot;,&quot;sizes&quot;:[]},&quot;_transform_rotateY_effect&quot;:{&quot;unit&quot;:&quot;px&quot;,&quot;size&quot;:&quot;&quot;,&quot;sizes&quot;:[]},&quot;_transform_rotateY_effect_tablet&quot;:{&quot;unit&quot;:&quot;deg&quot;,&quot;size&quot;:&quot;&quot;,&quot;sizes&quot;:[]},&quot;_transform_rotateY_effect_mobile&quot;:{&quot;unit&quot;:&quot;deg&quot;,&quot;size&quot;:&quot;&quot;,&quot;sizes&quot;:[]},&quot;_transform_perspective_effect_tablet&quot;:{&quot;unit&quot;:&quot;px&quot;,&quot;size&quot;:&quot;&quot;,&quot;sizes&quot;:[]},&quot;_transform_perspective_effect_mobile&quot;:{&quot;unit&quot;:&quot;px&quot;,&quot;size&quot;:&quot;&quot;,&quot;sizes&quot;:[]}}\" data-widget_type=\"heading.default\">\n\t\t\t\t<div class=\"elementor-widget-container\">\n\t\t\t\t\t<h3 class=\"elementor-heading-title elementor-size-default\">sielos alchemija <\/h3>\t\t\t\t<\/div>\n\t\t\t\t<\/div>\n\t\t\t\t<div class=\"elementor-element elementor-element-dd668dd elementor-widget-divider--view-line elementor-widget elementor-widget-divider\" data-id=\"dd668dd\" data-element_type=\"widget\" data-e-type=\"widget\" data-widget_type=\"divider.default\">\n\t\t\t\t<div class=\"elementor-widget-container\">\n\t\t\t\t\t\t\t<div class=\"elementor-divider\">\n\t\t\t<span class=\"elementor-divider-separator\">\n\t\t\t\t\t\t<\/span>\n\t\t<\/div>\n\t\t\t\t\t\t<\/div>\n\t\t\t\t<\/div>\n\t\t\t\t<div class=\"elementor-element elementor-element-fdb820d elementor-widget elementor-widget-heading\" data-id=\"fdb820d\" data-element_type=\"widget\" data-e-type=\"widget\" data-widget_type=\"heading.default\">\n\t\t\t\t<div class=\"elementor-widget-container\">\n\t\t\t\t\t<h6 class=\"elementor-heading-title elementor-size-default\"><br>\/ daugiabriaunis santykis su savimi ir pasauliu \/<\/h6>\t\t\t\t<\/div>\n\t\t\t\t<\/div>\n\t\t\t\t\t<\/div>\n\t\t<\/div>\n\t\t\t\t\t<\/div>\n\t\t<\/section>\n\t\t\t\t<section class=\"elementor-section elementor-top-section elementor-element elementor-element-2f018a1 elementor-section-boxed elementor-section-height-default elementor-section-height-default\" data-id=\"2f018a1\" data-element_type=\"section\" data-e-type=\"section\" data-settings=\"{&quot;background_background&quot;:&quot;classic&quot;}\">\n\t\t\t\t\t\t\t<div class=\"elementor-background-overlay\"><\/div>\n\t\t\t\t\t\t\t<div class=\"elementor-container elementor-column-gap-no\">\n\t\t\t\t\t<div class=\"elementor-column elementor-col-100 elementor-top-column elementor-element elementor-element-8810c89\" data-id=\"8810c89\" data-element_type=\"column\" data-e-type=\"column\">\n\t\t\t<div class=\"elementor-widget-wrap elementor-element-populated\">\n\t\t\t\t\t\t<div class=\"elementor-element elementor-element-38f94ea elementor-widget elementor-widget-heading\" data-id=\"38f94ea\" data-element_type=\"widget\" data-e-type=\"widget\" data-widget_type=\"heading.default\">\n\t\t\t\t<div class=\"elementor-widget-container\">\n\t\t\t\t\t<h6 class=\"elementor-heading-title elementor-size-medium\">Muzika - tai pirmas nat\u016bralus vaistas m\u016bs\u0173 visatoje<\/h6>\t\t\t\t<\/div>\n\t\t\t\t<\/div>\n\t\t\t\t<div class=\"elementor-element elementor-element-7a80b55 elementor-widget-divider--view-line_icon elementor-view-default elementor-widget-divider--element-align-center elementor-widget elementor-widget-divider\" data-id=\"7a80b55\" data-element_type=\"widget\" data-e-type=\"widget\" data-widget_type=\"divider.default\">\n\t\t\t\t<div class=\"elementor-widget-container\">\n\t\t\t\t\t\t\t<div class=\"elementor-divider\">\n\t\t\t<span class=\"elementor-divider-separator\">\n\t\t\t\t\t\t\t<div class=\"elementor-icon elementor-divider__element\">\n\t\t\t\t\t<svg xmlns=\"http:\/\/www.w3.org\/2000\/svg\" viewBox=\"0 0 24 24\"><path d=\"M21.65,2.24a1,1,0,0,0-.8-.23l-13,2A1,1,0,0,0,7,5V15.35A3.45,3.45,0,0,0,5.5,15,3.5,3.5,0,1,0,9,18.5V10.86L20,9.17v4.18A3.45,3.45,0,0,0,18.5,13,3.5,3.5,0,1,0,22,16.5V3A1,1,0,0,0,21.65,2.24ZM5.5,20A1.5,1.5,0,1,1,7,18.5,1.5,1.5,0,0,1,5.5,20Zm13-2A1.5,1.5,0,1,1,20,16.5,1.5,1.5,0,0,1,18.5,18ZM20,7.14,9,8.83v-3L20,4.17Z\"><\/path><\/svg><\/div>\n\t\t\t\t\t\t<\/span>\n\t\t<\/div>\n\t\t\t\t\t\t<\/div>\n\t\t\t\t<\/div>\n\t\t\t\t<div class=\"elementor-element elementor-element-e5eaf95 elementor-widget elementor-widget-heading\" data-id=\"e5eaf95\" data-element_type=\"widget\" data-e-type=\"widget\" data-widget_type=\"heading.default\">\n\t\t\t\t<div class=\"elementor-widget-container\">\n\t\t\t\t\t<h4 class=\"elementor-heading-title elementor-size-medium\">Muzika yra visur esanti Visatos energija. Ji buvo nuo pat Visatos suk\u016brimo ir gyvyb\u0117s \u017eem\u0117je atsiradimo. Pirmasis garsas AUM, tai Visatos garsas, gaubiantis mus vis\u0105 laik\u0105, nuo did\u017eiojo sprogimo iki dabar. \u0160is garsas ple\u010diasi kartu su kolektyvine s\u0105mone ir visa Visata. \n\nAUM - tai visos k\u016brinijos prad\u017eia. Tikima, kad su \u0161iuo garsu kilo didysis sprogimas ir  susik\u016br\u0117 saul\u0117, planetos, \u017eem\u0117, vanduo, l\u0105stel\u0117s, organai, \u017emogaus k\u016bnas, energetiniai centrai,.. <\/h4>\t\t\t\t<\/div>\n\t\t\t\t<\/div>\n\t\t\t\t<div class=\"elementor-element elementor-element-33c9757 elementor-widget elementor-widget-heading\" data-id=\"33c9757\" data-element_type=\"widget\" data-e-type=\"widget\" data-widget_type=\"heading.default\">\n\t\t\t\t<div class=\"elementor-widget-container\">\n\t\t\t\t\t<h4 class=\"elementor-heading-title elementor-size-medium\">Taigi mus vis\u0105 laik\u0105 yra apgaubusi Visatos muzika. Viskas kas gyva turi nat\u016bralius virpesi\u0173 da\u017enius, pana\u0161ius \u012f muzikines natas. \n\nM\u016bs\u0173 energijos centrai, organai ir viskas kas gyva yra gyvybin\u0117s energijos t\u0117km\u0117je - vibruoja muzikini\u0173 nat\u0173 da\u017eniais, tod\u0117l muzika yra labai veiksminga priemon\u0117 \u0161iems energijos centrams subalansuoti ir aktyvuoti. \n\n<\/h4>\t\t\t\t<\/div>\n\t\t\t\t<\/div>\n\t\t\t\t<div class=\"elementor-element elementor-element-fce46c8 elementor-widget elementor-widget-heading\" data-id=\"fce46c8\" data-element_type=\"widget\" data-e-type=\"widget\" data-widget_type=\"heading.default\">\n\t\t\t\t<div class=\"elementor-widget-container\">\n\t\t\t\t\t<h4 class=\"elementor-heading-title elementor-size-medium\">Muzika, kuri\u0105 \u017einojome ir supratome tur\u0117dami ribot\u0105 suvokim\u0105, yra ne tik malonumo, bet ir holistinio gydymo, sveikatos, bei \u017eini\u0173 kosmin\u0117 s\u0117kla, kuri\u0105 tinkamai pas\u0117jus materializuojasi protu ir mokslu nepaai\u0161kinama magija. Tai svarbus energetin\u0117s medicinos aspektas, galintis u\u017ekirsti keli\u0105 ligoms, gydyti ir i\u0161gydyti jas, palengvinti simptomus ir suteikti raminam\u0105j\u012f poveik\u012f. Sveika muzika  veikia ne tik fizin\u012f k\u016bn\u0105, bet akivaizd\u017eiai daro teigiam\u0105 \u012ftak\u0105 psichiniam, emociniam ir dvasiniam buvimui.\n\n<\/h4>\t\t\t\t<\/div>\n\t\t\t\t<\/div>\n\t\t\t\t<div class=\"elementor-element elementor-element-dbc5d39 elementor-widget elementor-widget-heading\" data-id=\"dbc5d39\" data-element_type=\"widget\" data-e-type=\"widget\" data-widget_type=\"heading.default\">\n\t\t\t\t<div class=\"elementor-widget-container\">\n\t\t\t\t\t<h4 class=\"elementor-heading-title elementor-size-medium\">Klausydamiesi ar praktikuodami harmoning\u0105 muzik\u0105 mes visi patiriame momentin\u012f energijos lygio pasikeitim\u0105. Nenuostabu, kad iki \u0161iol tai buvo neatsiejama beveik vis\u0173 \u017emoni\u0173 civilizacij\u0173 tradicij\u0173, kult\u016br\u0173, religij\u0173 ir dvasingumo dalis. Ji jungia grandis tarp mokslo ir dvasingumo. \u0160\u012f ry\u0161\u012f jau\u010diame kai m\u016bs\u0173 energetinius centrus (\u010dakras) suaktyvina muzikini\u0173 nat\u0173 da\u017eniai.\n\nMuzika visada buvo \u0161alia, \u012fvairiais b\u016bdais gydydama mus. <\/h4>\t\t\t\t<\/div>\n\t\t\t\t<\/div>\n\t\t\t\t<div class=\"elementor-element elementor-element-062d33e elementor-widget elementor-widget-spacer\" data-id=\"062d33e\" data-element_type=\"widget\" data-e-type=\"widget\" data-widget_type=\"spacer.default\">\n\t\t\t\t<div class=\"elementor-widget-container\">\n\t\t\t\t\t\t\t<div class=\"elementor-spacer\">\n\t\t\t<div class=\"elementor-spacer-inner\"><\/div>\n\t\t<\/div>\n\t\t\t\t\t\t<\/div>\n\t\t\t\t<\/div>\n\t\t\t\t<div class=\"elementor-element elementor-element-eed84b1 elementor-widget-divider--view-line_icon elementor-view-default elementor-widget-divider--element-align-center elementor-widget elementor-widget-divider\" data-id=\"eed84b1\" data-element_type=\"widget\" data-e-type=\"widget\" data-widget_type=\"divider.default\">\n\t\t\t\t<div class=\"elementor-widget-container\">\n\t\t\t\t\t\t\t<div class=\"elementor-divider\">\n\t\t\t<span class=\"elementor-divider-separator\">\n\t\t\t\t\t\t\t<div class=\"elementor-icon elementor-divider__element\">\n\t\t\t\t\t<svg xmlns=\"http:\/\/www.w3.org\/2000\/svg\" viewBox=\"0 0 24 24\"><path d=\"M21.65,2.24a1,1,0,0,0-.8-.23l-13,2A1,1,0,0,0,7,5V15.35A3.45,3.45,0,0,0,5.5,15,3.5,3.5,0,1,0,9,18.5V10.86L20,9.17v4.18A3.45,3.45,0,0,0,18.5,13,3.5,3.5,0,1,0,22,16.5V3A1,1,0,0,0,21.65,2.24ZM5.5,20A1.5,1.5,0,1,1,7,18.5,1.5,1.5,0,0,1,5.5,20Zm13-2A1.5,1.5,0,1,1,20,16.5,1.5,1.5,0,0,1,18.5,18ZM20,7.14,9,8.83v-3L20,4.17Z\"><\/path><\/svg><\/div>\n\t\t\t\t\t\t<\/span>\n\t\t<\/div>\n\t\t\t\t\t\t<\/div>\n\t\t\t\t<\/div>\n\t\t\t\t<div class=\"elementor-element elementor-element-0d3fc7d elementor-widget elementor-widget-heading\" data-id=\"0d3fc7d\" data-element_type=\"widget\" data-e-type=\"widget\" data-widget_type=\"heading.default\">\n\t\t\t\t<div class=\"elementor-widget-container\">\n\t\t\t\t\t<h5 class=\"elementor-heading-title elementor-size-medium\">\"Jei norite suvokti Visatos paslaptis, galvokite apie visk\u0105 kaip apie energij\u0105, da\u017en\u012f ir vibracij\u0105.\"<br> \u2013 Nikola Tesla<\/h5>\t\t\t\t<\/div>\n\t\t\t\t<\/div>\n\t\t\t\t<div class=\"elementor-element elementor-element-95a1431 elementor-widget elementor-widget-spacer\" data-id=\"95a1431\" data-element_type=\"widget\" data-e-type=\"widget\" data-widget_type=\"spacer.default\">\n\t\t\t\t<div class=\"elementor-widget-container\">\n\t\t\t\t\t\t\t<div class=\"elementor-spacer\">\n\t\t\t<div class=\"elementor-spacer-inner\"><\/div>\n\t\t<\/div>\n\t\t\t\t\t\t<\/div>\n\t\t\t\t<\/div>\n\t\t\t\t<div class=\"elementor-element elementor-element-6941fdf elementor-grid-3 elementor-grid-tablet-3 elementor-grid-mobile-2 elementor-products-grid elementor-wc-products elementor-widget elementor-widget-wc-categories\" data-id=\"6941fdf\" data-element_type=\"widget\" data-e-type=\"widget\" data-widget_type=\"wc-categories.default\">\n\t\t\t\t<div class=\"elementor-widget-container\">\n\t\t\t\t\t<div class=\"woocommerce columns-3\"><ul class=\"products elementor-grid columns-3\">\n<li class=\"product-category product first\">\n\t<a aria-label=\"Visit product category Temin\u0117s gars\u0173 kelion\u0117s\" href=\"https:\/\/eglemarija.com\/index.php\/product-category\/saves-pazinimas\/meditacija\/temines-garsu-keliones\/\"><img fetchpriority=\"high\" decoding=\"async\" src=\"https:\/\/eglemarija.com\/wp-content\/uploads\/2025\/07\/pexels-mathilde-13543280-300x300.jpg\" alt=\"Temin\u0117s gars\u0173 kelion\u0117s\" width=\"300\" height=\"300\" srcset=\"https:\/\/eglemarija.com\/wp-content\/uploads\/2025\/07\/pexels-mathilde-13543280-300x300.jpg 300w, https:\/\/eglemarija.com\/wp-content\/uploads\/2025\/07\/pexels-mathilde-13543280-150x150.jpg 150w, https:\/\/eglemarija.com\/wp-content\/uploads\/2025\/07\/pexels-mathilde-13543280-100x100.jpg 100w\" sizes=\"(max-width: 300px) 100vw, 300px\" \/>\t\t<h2 class=\"woocommerce-loop-category__title\">\n\t\t\tTemin\u0117s gars\u0173 kelion\u0117s\t\t<\/h2>\n\t\t<\/a><\/li>\n<li class=\"product-category product\">\n\t<a aria-label=\"Visit product category sav\u0119s pa\u017einimas\" href=\"https:\/\/eglemarija.com\/index.php\/product-category\/saves-pazinimas\/\"><img decoding=\"async\" src=\"https:\/\/eglemarija.com\/wp-content\/uploads\/2023\/11\/istockphoto-1319439243-1024x1024-transformed-300x300.jpeg\" alt=\"sav\u0119s pa\u017einimas\" width=\"300\" height=\"300\" srcset=\"https:\/\/eglemarija.com\/wp-content\/uploads\/2023\/11\/istockphoto-1319439243-1024x1024-transformed-300x300.jpeg 300w, https:\/\/eglemarija.com\/wp-content\/uploads\/2023\/11\/istockphoto-1319439243-1024x1024-transformed-150x150.jpeg 150w, https:\/\/eglemarija.com\/wp-content\/uploads\/2023\/11\/istockphoto-1319439243-1024x1024-transformed-100x100.jpeg 100w\" sizes=\"(max-width: 300px) 100vw, 300px\" \/>\t\t<h2 class=\"woocommerce-loop-category__title\">\n\t\t\tsav\u0119s pa\u017einimas<mark class=\"count\">15 produkt\u0173<\/mark>\t\t<\/h2>\n\t\t<\/a><\/li>\n<li class=\"product-category product last\">\n\t<a aria-label=\"Visit product category paskaitos \/ praktikos\" href=\"https:\/\/eglemarija.com\/index.php\/product-category\/saves-pazinimas\/paskaitos-praktikos-saves-pazinimas\/\"><img decoding=\"async\" src=\"https:\/\/eglemarija.com\/wp-content\/uploads\/2025\/07\/pexels-andrew-3178818-1-300x300.jpg\" alt=\"paskaitos \/ praktikos\" width=\"300\" height=\"300\" srcset=\"https:\/\/eglemarija.com\/wp-content\/uploads\/2025\/07\/pexels-andrew-3178818-1-300x300.jpg 300w, https:\/\/eglemarija.com\/wp-content\/uploads\/2025\/07\/pexels-andrew-3178818-1-150x150.jpg 150w, https:\/\/eglemarija.com\/wp-content\/uploads\/2025\/07\/pexels-andrew-3178818-1-100x100.jpg 100w\" sizes=\"(max-width: 300px) 100vw, 300px\" \/>\t\t<h2 class=\"woocommerce-loop-category__title\">\n\t\t\tpaskaitos \/ praktikos<mark class=\"count\">1 produktas<\/mark>\t\t<\/h2>\n\t\t<\/a><\/li>\n<li class=\"product-category product first\">\n\t<a aria-label=\"Visit product category Namuose individualiai atliekamos praktikos\" href=\"https:\/\/eglemarija.com\/index.php\/product-category\/saves-pazinimas\/namuose-individualiai-atliekamos-praktikos\/\"><img loading=\"lazy\" decoding=\"async\" src=\"https:\/\/eglemarija.com\/wp-content\/uploads\/woocommerce-placeholder-300x300.png\" alt=\"Namuose individualiai atliekamos praktikos\" width=\"300\" height=\"300\" \/>\t\t<h2 class=\"woocommerce-loop-category__title\">\n\t\t\tNamuose individualiai atliekamos praktikos\t\t<\/h2>\n\t\t<\/a><\/li>\n<li class=\"product-category product\">\n\t<a aria-label=\"Visit product category knygos\" href=\"https:\/\/eglemarija.com\/index.php\/product-category\/saves-pazinimas\/knygos\/\"><img loading=\"lazy\" decoding=\"async\" src=\"https:\/\/eglemarija.com\/wp-content\/uploads\/2024\/01\/pexels-photo-13650913-300x300.jpeg\" alt=\"knygos\" width=\"300\" height=\"300\" srcset=\"https:\/\/eglemarija.com\/wp-content\/uploads\/2024\/01\/pexels-photo-13650913-300x300.jpeg 300w, https:\/\/eglemarija.com\/wp-content\/uploads\/2024\/01\/pexels-photo-13650913-150x150.jpeg 150w, https:\/\/eglemarija.com\/wp-content\/uploads\/2024\/01\/pexels-photo-13650913-100x100.jpeg 100w\" sizes=\"(max-width: 300px) 100vw, 300px\" \/>\t\t<h2 class=\"woocommerce-loop-category__title\">\n\t\t\tknygos<mark class=\"count\">1 produktas<\/mark>\t\t<\/h2>\n\t\t<\/a><\/li>\n<li class=\"product-category product last\">\n\t<a aria-label=\"Visit product category individual\u016bs seansai\" href=\"https:\/\/eglemarija.com\/index.php\/product-category\/saves-pazinimas\/seansai\/\"><img loading=\"lazy\" decoding=\"async\" src=\"https:\/\/eglemarija.com\/wp-content\/uploads\/2024\/01\/Paris-Jade-Holistic-Healing-Spiritual-Healer-Energy-Sound-Pineal-Retreat-10-1-300x300.jpeg\" alt=\"individual\u016bs seansai\" width=\"300\" height=\"300\" srcset=\"https:\/\/eglemarija.com\/wp-content\/uploads\/2024\/01\/Paris-Jade-Holistic-Healing-Spiritual-Healer-Energy-Sound-Pineal-Retreat-10-1-300x300.jpeg 300w, https:\/\/eglemarija.com\/wp-content\/uploads\/2024\/01\/Paris-Jade-Holistic-Healing-Spiritual-Healer-Energy-Sound-Pineal-Retreat-10-1-150x150.jpeg 150w, https:\/\/eglemarija.com\/wp-content\/uploads\/2024\/01\/Paris-Jade-Holistic-Healing-Spiritual-Healer-Energy-Sound-Pineal-Retreat-10-1-100x100.jpeg 100w\" sizes=\"(max-width: 300px) 100vw, 300px\" \/>\t\t<h2 class=\"woocommerce-loop-category__title\">\n\t\t\tindividual\u016bs seansai<mark class=\"count\">1 produktas<\/mark>\t\t<\/h2>\n\t\t<\/a><\/li>\n<\/ul>\n<\/div>\t\t\t\t<\/div>\n\t\t\t\t<\/div>\n\t\t\t\t<div class=\"elementor-element elementor-element-5ea6087 elementor-widget elementor-widget-spacer\" data-id=\"5ea6087\" data-element_type=\"widget\" data-e-type=\"widget\" data-widget_type=\"spacer.default\">\n\t\t\t\t<div class=\"elementor-widget-container\">\n\t\t\t\t\t\t\t<div class=\"elementor-spacer\">\n\t\t\t<div class=\"elementor-spacer-inner\"><\/div>\n\t\t<\/div>\n\t\t\t\t\t\t<\/div>\n\t\t\t\t<\/div>\n\t\t\t\t\t<\/div>\n\t\t<\/div>\n\t\t\t\t\t<\/div>\n\t\t<\/section>\n\t\t\t\t<\/div>\n\t\t","protected":false},"excerpt":{"rendered":"<p>sielos alchemija \/ daugiabriaunis santykis su savimi ir pasauliu \/ Muzika &#8211; tai pirmas nat\u016bralus vaistas m\u016bs\u0173 visatoje Muzika yra visur esanti Visatos energija. Ji buvo nuo pat Visatos suk\u016brimo ir gyvyb\u0117s \u017eem\u0117je atsiradimo. Pirmasis garsas AUM, tai Visatos garsas, gaubiantis mus vis\u0105 laik\u0105, nuo did\u017eiojo sprogimo iki dabar. \u0160is garsas ple\u010diasi kartu su kolektyvine [&hellip;]<\/p>\n","protected":false},"author":1,"featured_media":0,"parent":0,"menu_order":0,"comment_status":"closed","ping_status":"closed","template":"","meta":{"om_disable_all_campaigns":false,"_monsterinsights_skip_tracking":false,"_monsterinsights_sitenote_active":false,"_monsterinsights_sitenote_note":"","_monsterinsights_sitenote_category":0,"site-sidebar-layout":"no-sidebar","site-content-layout":"page-builder","ast-site-content-layout":"default","site-content-style":"default","site-sidebar-style":"default","ast-global-header-display":"","ast-banner-title-visibility":"","ast-main-header-display":"","ast-hfb-above-header-display":"","ast-hfb-below-header-display":"","ast-hfb-mobile-header-display":"","site-post-title":"disabled","ast-breadcrumbs-content":"","ast-featured-img":"disabled","footer-sml-layout":"","theme-transparent-header-meta":"enabled","adv-header-id-meta":"","stick-header-meta":"","header-above-stick-meta":"","header-main-stick-meta":"","header-below-stick-meta":"","astra-migrate-meta-layouts":"default","ast-page-background-enabled":"default","ast-page-background-meta":{"desktop":{"background-color":"","background-image":"","background-repeat":"repeat","background-position":"center center","background-size":"auto","background-attachment":"scroll","background-type":"","background-media":"","overlay-type":"","overlay-color":"","overlay-opacity":"","overlay-gradient":""},"tablet":{"background-color":"","background-image":"","background-repeat":"repeat","background-position":"center center","background-size":"auto","background-attachment":"scroll","background-type":"","background-media":"","overlay-type":"","overlay-color":"","overlay-opacity":"","overlay-gradient":""},"mobile":{"background-color":"","background-image":"","background-repeat":"repeat","background-position":"center center","background-size":"auto","background-attachment":"scroll","background-type":"","background-media":"","overlay-type":"","overlay-color":"","overlay-opacity":"","overlay-gradient":""}},"ast-content-background-meta":{"desktop":{"background-color":"var(--ast-global-color-5)","background-image":"","background-repeat":"repeat","background-position":"center center","background-size":"auto","background-attachment":"scroll","background-type":"","background-media":"","overlay-type":"","overlay-color":"","overlay-opacity":"","overlay-gradient":""},"tablet":{"background-color":"var(--ast-global-color-5)","background-image":"","background-repeat":"repeat","background-position":"center center","background-size":"auto","background-attachment":"scroll","background-type":"","background-media":"","overlay-type":"","overlay-color":"","overlay-opacity":"","overlay-gradient":""},"mobile":{"background-color":"var(--ast-global-color-5)","background-image":"","background-repeat":"repeat","background-position":"center center","background-size":"auto","background-attachment":"scroll","background-type":"","background-media":"","overlay-type":"","overlay-color":"","overlay-opacity":"","overlay-gradient":""}},"footnotes":""},"class_list":["post-228","page","type-page","status-publish","hentry"],"aioseo_notices":[],"_links":{"self":[{"href":"https:\/\/eglemarija.com\/index.php\/wp-json\/wp\/v2\/pages\/228","targetHints":{"allow":["GET"]}}],"collection":[{"href":"https:\/\/eglemarija.com\/index.php\/wp-json\/wp\/v2\/pages"}],"about":[{"href":"https:\/\/eglemarija.com\/index.php\/wp-json\/wp\/v2\/types\/page"}],"author":[{"embeddable":true,"href":"https:\/\/eglemarija.com\/index.php\/wp-json\/wp\/v2\/users\/1"}],"replies":[{"embeddable":true,"href":"https:\/\/eglemarija.com\/index.php\/wp-json\/wp\/v2\/comments?post=228"}],"version-history":[{"count":307,"href":"https:\/\/eglemarija.com\/index.php\/wp-json\/wp\/v2\/pages\/228\/revisions"}],"predecessor-version":[{"id":3126,"href":"https:\/\/eglemarija.com\/index.php\/wp-json\/wp\/v2\/pages\/228\/revisions\/3126"}],"wp:attachment":[{"href":"https:\/\/eglemarija.com\/index.php\/wp-json\/wp\/v2\/media?parent=228"}],"curies":[{"name":"wp","href":"https:\/\/api.w.org\/{rel}","templated":true}]}}