{"id":1665,"date":"2024-01-13T16:17:34","date_gmt":"2024-01-13T16:17:34","guid":{"rendered":"https:\/\/eglemarija.com\/?page_id=1665"},"modified":"2024-01-22T17:12:16","modified_gmt":"2024-01-22T17:12:16","slug":"pirkimo-salygos","status":"publish","type":"page","link":"https:\/\/eglemarija.com\/index.php\/pirkimo-salygos\/","title":{"rendered":"pirkimo s\u0105lygos"},"content":{"rendered":"\n<p class=\"has-ast-global-color-2-color has-text-color has-link-color has-medium-font-size wp-elements-749aac2bab67c2746b66dbbaec88d788\"><strong>1. Bendrosios nuostatos<\/strong><\/p>\n\n\n\n<p class=\"has-ast-global-color-2-color has-text-color has-link-color wp-elements-414b24fa12899afb4d18e42ab0a4b25f\">1.1 \u0160ios preki\u0173 pirkimo \u2013 pardavimo taisykl\u0117s (toliau \u201eTaisykl\u0117s\u201c), jas patvirtinus Pirk\u0117jui (perkant prekes pa\u017eym\u0117jus varnele jog sutinkate su \u201ewww.eglemarija.com\u201c taisykl\u0117mis), yra \u0161alims privalomas teisinis dokumentas, kuriame nustatomos Pirk\u0117jo ir Pardav\u0117jo teis\u0117s bei pareigos, preki\u0173 \u012fsigijimo bei apmok\u0117jimo u\u017e jas s\u0105lygos, preki\u0173 pristatymo ir gr\u0105\u017einimo tvarka, \u0161ali\u0173 atsakomyb\u0117 bei kitos su preki\u0173 pirkimu \u2013 pardavimu \u201ewww.eglemarija.com&#8221; elektronin\u0117je parduotuv\u0117je (toliau \u2013 Parduotuv\u0117) susijusios nuostatos.<\/p>\n\n\n\n<p><em>Pardav\u0117jas &#8211; Egl\u0117 Kavaliauskait\u0117, VL <strong>Nr. ZQ595040-1<\/strong>, Adresas \u2013 Putvinskio 38-3, Kaunas, info.mysticartiste@gmail.com, +370 686 0 55 11<\/em><\/p>\n\n\n\n<p class=\"has-ast-global-color-2-color has-text-color has-link-color wp-elements-8c706609dce0bbc9e3c343dab62f529d\">1.2. Pardav\u0117jas pasilieka teis\u0119 bet kuriuo metu pakeisti, taisyti ar papildyti Taisykles, atsi\u017evelgdamas \u012f teis\u0117s akt\u0173 nustatytus reikalavimus.<\/p>\n\n\n\n<p class=\"has-ast-global-color-2-color has-text-color has-link-color has-medium-font-size wp-elements-0652266735b1f31008ec916babe1e943\"><strong>2. Asmens duomen\u0173 apsauga<\/strong><\/p>\n\n\n\n<p class=\"has-ast-global-color-2-color has-text-color has-link-color wp-elements-741dacd6dc4efbcb4441346e4faaa4ff\">2.1. Bet kokia informacija, kuri yra susijusi su asmens duomenimis ir kuri yra u\u017eregistruojama Parduotuv\u0117je, laikoma slapta ir nevie\u0161inama.<\/p>\n\n\n\n<p class=\"has-ast-global-color-2-color has-text-color has-link-color has-medium-font-size wp-elements-361ce4a1d3d5ddfc094590e90ccab4c5\"><strong>3. Pinig\u0173 gr\u0105\u017einimas<\/strong><\/p>\n\n\n\n<p class=\"has-ast-global-color-2-color has-text-color has-link-color wp-elements-ac2d7f2aa00f891b138e6fb2065e6c4c\"><strong>Pinigai u\u017e kursus, paskaitas, meditacijas ir seansus yra gr\u0105\u017einami jeigu :<\/strong><\/p>\n\n\n\n<p class=\"has-ast-global-color-2-color has-text-color has-link-color wp-elements-c2d3e82e7efe658d743ebad10b53e4ea\"><strong><em>3.1. Klientas dar\u0117 visus \u017eingsnius pagal pateiktus nurodymus ir jam nepavyko prisijungti prie kurso, paskait\u0173 ar parsisi\u0173sti meditacij\u0173 per 60 dien\u0173 nuo \u012fsigijimo. Teikdamas u\u017eklaus\u0105 d\u0117l pinig\u0173 gr\u0105\u017einimo, klientas tur\u0117s \u012frodyti, kad dar\u0117 visi\u0161kai visk\u0105, kas yra pateikta nurodymuose. Jei klientas nepateiks \u012frodym\u0173 arba pateikti \u012frodymai atskleis, jog jis nedar\u0117 visko pagal nurodym\u0173 med\u017eiag\u0105 \u2013 pinigai bus negr\u0105\u017einami.&nbsp;<\/em><\/strong><\/p>\n\n\n\n<p class=\"has-ast-global-color-2-color has-text-color has-link-color wp-elements-70f1392f303f60e5b4a3d152105f2152\"><strong><em>3.2. U\u017esiregistravus ir sumok\u0117jus avans\u0105, ta\u010diau neatvykus arba pav\u0117lavus \u012f gyv\u0105 susitikim\u0105 susitartu laiku, pinigai n\u0117ra gr\u0105\u017einami.<\/em><\/strong><\/p>\n\n\n\n<p class=\"has-ast-global-color-2-color has-text-color has-link-color has-medium-font-size wp-elements-9efca913db2eb664e7b562008585773a\"><strong>4. Naudojimasis interneto svetaine<\/strong><\/p>\n\n\n\n<p class=\"has-ast-global-color-2-color has-text-color has-link-color wp-elements-894b9f486e3f73d91cc26900df86eec3\">4.1. Prisijung\u0119s \u012f \u0161i\u0105 Interneto svetain\u0119 ar ja naudodamasis bet kuris naudotojas (toliau \u2013 J\u016bs) sutinka su \u0161iomis Taisykl\u0117mis ir visomis kitomis www.eglemarija.com taisykl\u0117mis, s\u0105lygomis bei politikomis. \u0160ios Taisykl\u0117s taip pat nustato pirkimo bei su tuo susijusias s\u0105lygas, tod\u0117l J\u016bs visada turite b\u016bti su jomis susipa\u017ein\u0119 ir elgtis taip, kaip nustatyta.<\/p>\n\n\n\n<p class=\"has-ast-global-color-2-color has-text-color has-link-color wp-elements-64d02dda602acc4867f7717abea50abf\">4.2. Tuo atveju, jeigu J\u016bs nesutinkate su visomis s\u0105lygomis, J\u016bs negalite naudotis \u0161ia Interneto svetaine ar www.eglemarija.com teikiamomis paslaugomis. Be to, jeigu J\u016bs neturite teis\u0117s sudaryti sutar\u010di\u0173 su www.eglemarija.com J\u016bs taip pat negalite pirkti, naudodamasis Interneto svetaine, ar kitaip ja naudotis.<\/p>\n\n\n\n<p class=\"has-ast-global-color-2-color has-text-color has-link-color wp-elements-b3cf4b9295cad5cfd3035c64a951237c\">4.3. www.eglemarija.com&nbsp;gali bet kuriuo metu pakeisti \u0161ias Taisykles, o kiekvienas pakeitimas \u012fgauna gali\u0105 nuo jo paskelbimo Interneto svetain\u0117je momento. J\u016bs prisiimate vis\u0105 atsakomyb\u0119 d\u0117l susipa\u017einimo su \u0161iomis Taisykl\u0117mis kiekvien\u0105 kart\u0105, kai naudojat\u0117s Interneto svetaine ar perkate joje si\u016blomas prekes ir paslaugas. Prek\u0117s ir paslaugos \u0161iose Taisykl\u0117se rei\u0161kia bet kokias prekes ir paslaugas, kurias \u012fmanoma nusipirkti naudojantis Interneto svetaine.<\/p>\n\n\n\n<p class=\"has-ast-global-color-2-color has-text-color has-link-color has-medium-font-size wp-elements-e2f23ebf8f39ccf3f7c3bb2fdc5d9468\"><strong>5. Nuorodos \u012f kitas svetaines ir tre\u010di\u0173j\u0173 \u0161ali\u0173 paslaugos<\/strong><\/p>\n\n\n\n<p class=\"has-ast-global-color-2-color has-text-color has-link-color wp-elements-54878f6eb7329686e2e6ce9e3ee0a01a\">5.1. \u0160ioje Interneto svetain\u0117je yra nuorodos \u012f kitas svetaines, kurios n\u0117ra valdomos www.eglemarija.com. Tod\u0117l mes nesame atsakingi u\u017e toki\u0173 svetaini\u0173 turin\u012f.<\/p>\n\n\n\n<p class=\"has-ast-global-color-2-color has-text-color has-link-color wp-elements-11dd2015e940c543d001d3d18fdf3c63\">5.2. Tam, kad gaut\u0173 J\u016bs\u0173 mok\u0117jimus bei Jums pristatyt\u0173 nusipirktas prekes, www.eglemarija.com&nbsp;naudojasi tre\u010di\u0173 \u0161ali\u0173 paslaugomis. \u0160ios \u0161alys, kurios n\u0117ra susijusios su www.eglemarija.com, vadovaujasi savo pa\u010di\u0173 taisykl\u0117mis bei s\u0105lygomis. Mes jokiais atvejais nesame atsakingi u\u017e \u0161i\u0173 tre\u010di\u0173j\u0173 \u0161ali\u0173 rodom\u0105 turin\u012f ar teikiamas paslaugas.<\/p>\n\n\n\n<p class=\"has-ast-global-color-2-color has-text-color has-link-color wp-elements-4f20d66da38ef1fb3d220a515b03d482\">5.3. Tuo atveju jeigu J\u016bs lankot\u0117s kitoje internetinio apsipirkimo svetain\u0117je, kurioje mes esame nurodyti kaip pardav\u0117jas ir, galiausiai, J\u016bs naudojat\u0117s m\u016bs\u0173 teikiamomis paslaugomis, J\u016bs turite vadovautis \u0161iomis Taisykl\u0117mis, nebent kitaip yra nustatyta naudojamos internetinio apsipirkimo svetain\u0117s s\u0105lygose.<\/p>\n\n\n\n<p class=\"has-ast-global-color-2-color has-text-color has-link-color wp-elements-484da4df2c8697a4608a02e7498eb181\">5.4. www.eglemarija.com jokiais atvejais n\u0117ra atsakinga u\u017e bet koki\u0105 \u017eal\u0105 ar nuostolius, susijusius su tre\u010di\u0173j\u0173 \u0161ali\u0173 teikiamomis paslaugomis, nesvarbu, ar tai mok\u0117jimo, pristatymo, platinimo ar bet kokios kitos paslaugos atliekamos tre\u010di\u0173j\u0173 asmen\u0173. Tod\u0117l mes labai rekomenduojame ir reikalaujame, kad J\u016bs atid\u017eiai perskaitytum\u0117te visas taisykles bei s\u0105lygas, kurias nustato tre\u010diosios \u0161alys, ir jomis vadovautis.<\/p>\n\n\n\n<p class=\"has-ast-global-color-2-color has-text-color has-link-color wp-elements-bfa856d1ffeebac46af9a1bfdcf06729\">5.5. Bet kokios pretenzijos, skundai, klausimai, pasteb\u0117jimai ar kaltinimai, susij\u0119 su tre\u010di\u0173j\u0173 \u0161ali\u0173 paslaugomis, veikimu ar neveikimu, turi b\u016bti adresuojami tiesiogiai tik \u0161ioms tre\u010diosioms \u0161alims ir jokiais atvejais ne mums.<\/p>\n\n\n\n<p class=\"has-ast-global-color-2-color has-text-color has-link-color has-medium-font-size wp-elements-0403d921a2b9302d1c373434461570db\"><strong>6. Paslaug\u0173 prieinamumas<\/strong><\/p>\n\n\n\n<p class=\"has-ast-global-color-2-color has-text-color has-link-color wp-elements-430fc51ab69296838942418395dcb0e9\">6.1. www.eglemarija.com siekia, kad Interneto svetain\u0117 b\u016bt\u0173 prieinama 24 valandas per par\u0105. Ta\u010diau mes negalime b\u016bti atsakingais, jeigu Interneto svetain\u0117 yra neprieinama kuriuo nors metu ir d\u0117l bet kokios prie\u017easties, laiko tarpu ar i\u0161 kurios nors jurisdikcijos.<\/p>\n\n\n\n<p class=\"has-ast-global-color-2-color has-text-color has-link-color has-medium-font-size wp-elements-1dc27a8d3087549431d13e501caba3ac\"><strong>7. Informacija apie vartotoj\u0105<\/strong><\/p>\n\n\n\n<p class=\"has-ast-global-color-2-color has-text-color has-link-color wp-elements-d71efb156d07de669d927cb651c3e6e2\">7.1. Asmens duomen\u0173 tvarkymas bei slapuk\u0173 patalpinimas yra reguliuojamas www.eglemarija.com privatumo politikos nuostatomis.<\/p>\n\n\n\n<p class=\"has-ast-global-color-2-color has-text-color has-link-color wp-elements-9288bc50af1c2a7fac0515d68ac695f4\">7.2. Vykdydami apsipirkimo proces\u0105 Interneto svetain\u0117je, J\u016bs privalote&nbsp;pateikti b\u016btin\u0105 atsiskaitymo ir preki\u0173 pristatymo informacij\u0105. U\u017e \u0161ios informacijos teisingum\u0105 ir tikslum\u0105 esate atsakingi tik J\u016bs.<\/p>\n\n\n\n<p class=\"has-ast-global-color-2-color has-text-color has-link-color has-medium-font-size wp-elements-06fda6a8dc7141ab9f384dbaaf909231\"><strong>8. Atsakomyb\u0117<\/strong><\/p>\n\n\n\n<p class=\"has-ast-global-color-2-color has-text-color has-link-color wp-elements-d6037e59e6f1453eadb8aeb9fc6f23a8\">8.1. www.eglemarija.com d\u0117s pagr\u012fstas pastangas tam, kad Interneto svetain\u0117je pateiktas turinys b\u016bt\u0173 tikslus bei aktualus. Ta\u010diau mes negalime b\u016bti atsakingi prie\u0161 Jus ar bet kok\u012f tre\u010di\u0105j\u012f asmen\u012f u\u017e bet kokio dyd\u017eio ar pob\u016bd\u017eio J\u016bs\u0173 arba tre\u010di\u0173j\u0173 \u0161ali\u0173 \u017eal\u0105 ar nuostolius, \u012fskaitant, bet neapsiribojant, tiesiogin\u0119 ar netiesiogin\u0119 bei turtin\u0119 ar neturtin\u0119 \u017eal\u0105 arba nuostolius, susijusi\u0105 sutartin\u0119 atsakomyb\u0119, negautas pajamas ar peln\u0105, netesybas (baud\u0105, delspinigius), taip pat nuostolius bet kokiu b\u016bdu susijusius su normalios verslo veiklos sutrikdymu.<\/p>\n\n\n\n<p class=\"has-ast-global-color-2-color has-text-color has-link-color wp-elements-ff727da235026533625ab8e80d802e81\">8.2. www.eglemarija.com negali b\u016bti laikoma atsakinga u\u017e kit\u0173 svetaini\u0173 nuorod\u0173 ar turinio, nukreipto \u012f Interneto svetain\u0119, padaryt\u0105 \u017eal\u0105 ar nuostolius, \u012fskaitant, bet neapsiribojant, susijusius su kompiuteriniais virusais, kurie gali u\u017ekr\u0117sti \u012frengin\u012f, programin\u0119 \u012frang\u0105, duomenis ar kit\u0105 nuosavyb\u0119. www.eglemarija.com taip pat n\u0117ra atsakinga u\u017e J\u016bs\u0173 naudojim\u0105si Interneto svetaine, nar\u0161ym\u0105 joje ar bet kokios informacijos ar duomen\u0173 atsisiuntim\u0105 i\u0161 Interneto svetain\u0117s.<\/p>\n\n\n\n<p class=\"has-ast-global-color-2-color has-text-color has-link-color wp-elements-68e2f2b8cb016f6b55ccb4a105c73b05\">8.3. Interneto svetain\u0117je priimtos informacijos J\u016bs netur\u0117tum\u0117te priimti tiesiogiai ar pa\u017eod\u017eiui, neatsi\u017evelgiant \u012f kontekst\u0105, pateikiamas s\u0105lygas bei apra\u0161ymus. Did\u017eiausia teis\u0117s akt\u0173 leid\u017eiama apimtimi www.eglemarija.com apsiriboja vis\u0105 atsakomyb\u0119 d\u0117l suteikiam\u0173 garantij\u0173 ar s\u0105lyg\u0173, susijusi\u0173 su \u0161ios Interneto svetain\u0117s veikla.<\/p>\n\n\n\n<p class=\"has-ast-global-color-2-color has-text-color has-link-color wp-elements-7343f47a37d9af26c0d111f7190cc6a6\">8.4. Tuo atveju, jeigu www.eglemarija.com atsakomyb\u0117 yra nustatyta \u012fstatym\u0173 ir neapribota \u0161iose Taisykl\u0117se, mes galime b\u016bti laikomais atsakingais tik tuo atveju, jeigu J\u016bs pirkote prekes i\u0161 m\u016bs\u0173. \u0160ios Taisykl\u0117s ar bet kokios m\u016bs\u0173 suteikiamos garantijos negalioja, jeigu prek\u0117s buvo pirktos per distributori\u0173 ar bet kok\u012f kit\u0105 asmen\u012f.<\/p>\n\n\n\n<p class=\"has-ast-global-color-2-color has-text-color has-link-color has-medium-font-size wp-elements-1c3de1194adc44aeaa7eb24abf0d6026\"><strong>9. Pirkimas<\/strong><\/p>\n\n\n\n<p class=\"has-ast-global-color-2-color has-text-color has-link-color wp-elements-69f569909d8682ce2b299bd559a90733\">9.1 Si\u016blomas paslaugas J\u016bs galite pirkti tik savo vardu ir prisiimant u\u017e tai atsakomyb\u0119. J\u016bs\u0173 pateiktas u\u017esakymas turi b\u016bti www.eglemarija.com. Nuo to momento, kai gaunate u\u017esakymo patvirtinim\u0105 el. pa\u0161tu, J\u016bs\u0173 u\u017esakymas negali b\u016bti at\u0161auktas, i\u0161skyrus atvejus, kai prie\u0161ingai yra ai\u0161kiai susitarta tarp J\u016bs\u0173 ir www.eglemarija.com.<\/p>\n\n\n\n<p class=\"has-ast-global-color-2-color has-text-color has-link-color has-medium-font-size wp-elements-3babde674eb31dec1b08254bc3fdd7bf\"><strong>10. Mok\u0117jimai<\/strong><\/p>\n\n\n\n<p class=\"has-ast-global-color-2-color has-text-color has-link-color wp-elements-81e428bca5065816cf3c88b9c48614ba\">10.1 www.eglemarija.com neteikia finansini\u0173, mok\u0117jimo, pinig\u0173 pervedimo ir \/ ar su tuo susijusi\u0173 paslaug\u0173, tod\u0117l kiekvien\u0105 kart\u0105, kai J\u016bs atliekate mok\u0117jim\u0105 www.eglemarija.com, J\u016bs naudojat\u0117s tre\u010di\u0173j\u0173 \u0161ali\u0173 paslaugomis. Mes negalime b\u016bti laikomi atsakingais d\u0117l bet koki\u0173 tre\u010di\u0173j\u0173 asmen\u0173 paslaug\u0173, \u012fskaitant, bet neapsiribojant, \u0161iose Taisykl\u0117se nurodytas paslaugas.<\/p>\n\n\n\n<p class=\"has-ast-global-color-2-color has-text-color has-link-color has-medium-font-size wp-elements-ef0faf2670d363f78b7cb1f6e0878ae7\"><strong>11. Intelektin\u0117 nuosavyb\u0117<\/strong><\/p>\n\n\n\n<p class=\"has-ast-global-color-2-color has-text-color has-link-color wp-elements-892b760e5277700bff3bfe7c3efcd32e\">11.1. Bet koks turinys paskelbtas Interneto svetain\u0117je www.eglemarija.com, kurs\u0173 ar paskait\u0173 sistemose, paslaugos yra ginamos autori\u0173 ar kitomis intelektin\u0117s nuosavyb\u0117s teis\u0117mis. J\u016bs negalite \u0161io turinio naudoti komerciniais tikslais ar bet kokiais kitais tikslais.<\/p>\n\n\n\n<p class=\"has-ast-global-color-2-color has-text-color has-link-color has-medium-font-size wp-elements-f70e74f3608f26ef875867f5e0eaa686\"><strong>12. Taikoma teis\u0117 ir jurisdikcija<\/strong><\/p>\n\n\n\n<p class=\"has-ast-global-color-2-color has-text-color has-link-color wp-elements-3131efdb61a4ab8707e4bbe1436db087\">12.1 Bet koks gin\u010das kil\u0119s ir susij\u0119s su www.eglemarija.com&nbsp;ar Interneto svetaine yra sprend\u017eiamas deryb\u0173 b\u016bdu.<\/p>\n\n\n\n<p class=\"has-ast-global-color-2-color has-text-color has-link-color wp-elements-c34b98b58af2c3d7375fc3c7cfb87d8e\">12.2 Nepavykus i\u0161spr\u0119sti gin\u010do auk\u0161\u010diau nurodytu b\u016bdu, jis turi b\u016bti sprend\u017eiamas naudojantis Europos Komisijos pri\u017ei\u016brima Elektronine gin\u010d\u0173 sprendimo sistema<\/p>\n","protected":false},"excerpt":{"rendered":"<p>1. Bendrosios nuostatos 1.1 \u0160ios preki\u0173 pirkimo \u2013 pardavimo taisykl\u0117s (toliau \u201eTaisykl\u0117s\u201c), jas patvirtinus Pirk\u0117jui (perkant prekes pa\u017eym\u0117jus varnele jog sutinkate su \u201ewww.eglemarija.com\u201c taisykl\u0117mis), yra \u0161alims privalomas teisinis dokumentas, kuriame nustatomos Pirk\u0117jo ir Pardav\u0117jo teis\u0117s bei pareigos, preki\u0173 \u012fsigijimo bei apmok\u0117jimo u\u017e jas s\u0105lygos, preki\u0173 pristatymo ir gr\u0105\u017einimo tvarka, \u0161ali\u0173 atsakomyb\u0117 bei kitos su preki\u0173 [&hellip;]<\/p>\n","protected":false},"author":1,"featured_media":0,"parent":0,"menu_order":0,"comment_status":"closed","ping_status":"closed","template":"","meta":{"om_disable_all_campaigns":false,"_monsterinsights_skip_tracking":false,"_monsterinsights_sitenote_active":false,"_monsterinsights_sitenote_note":"","_monsterinsights_sitenote_category":0,"site-sidebar-layout":"default","site-content-layout":"","ast-site-content-layout":"default","site-content-style":"default","site-sidebar-style":"default","ast-global-header-display":"","ast-banner-title-visibility":"","ast-main-header-display":"","ast-hfb-above-header-display":"","ast-hfb-below-header-display":"","ast-hfb-mobile-header-display":"","site-post-title":"","ast-breadcrumbs-content":"","ast-featured-img":"","footer-sml-layout":"","theme-transparent-header-meta":"","adv-header-id-meta":"","stick-header-meta":"","header-above-stick-meta":"","header-main-stick-meta":"","header-below-stick-meta":"","astra-migrate-meta-layouts":"set","ast-page-background-enabled":"default","ast-page-background-meta":{"desktop":{"background-color":"","background-image":"","background-repeat":"repeat","background-position":"center center","background-size":"auto","background-attachment":"scroll","background-type":"","background-media":"","overlay-type":"","overlay-color":"","overlay-opacity":"","overlay-gradient":""},"tablet":{"background-color":"","background-image":"","background-repeat":"repeat","background-position":"center center","background-size":"auto","background-attachment":"scroll","background-type":"","background-media":"","overlay-type":"","overlay-color":"","overlay-opacity":"","overlay-gradient":""},"mobile":{"background-color":"","background-image":"","background-repeat":"repeat","background-position":"center center","background-size":"auto","background-attachment":"scroll","background-type":"","background-media":"","overlay-type":"","overlay-color":"","overlay-opacity":"","overlay-gradient":""}},"ast-content-background-meta":{"desktop":{"background-color":"var(--ast-global-color-5)","background-image":"","background-repeat":"repeat","background-position":"center center","background-size":"auto","background-attachment":"scroll","background-type":"","background-media":"","overlay-type":"","overlay-color":"","overlay-opacity":"","overlay-gradient":""},"tablet":{"background-color":"var(--ast-global-color-5)","background-image":"","background-repeat":"repeat","background-position":"center center","background-size":"auto","background-attachment":"scroll","background-type":"","background-media":"","overlay-type":"","overlay-color":"","overlay-opacity":"","overlay-gradient":""},"mobile":{"background-color":"var(--ast-global-color-5)","background-image":"","background-repeat":"repeat","background-position":"center center","background-size":"auto","background-attachment":"scroll","background-type":"","background-media":"","overlay-type":"","overlay-color":"","overlay-opacity":"","overlay-gradient":""}},"footnotes":""},"class_list":["post-1665","page","type-page","status-publish","hentry"],"aioseo_notices":[],"_links":{"self":[{"href":"https:\/\/eglemarija.com\/index.php\/wp-json\/wp\/v2\/pages\/1665","targetHints":{"allow":["GET"]}}],"collection":[{"href":"https:\/\/eglemarija.com\/index.php\/wp-json\/wp\/v2\/pages"}],"about":[{"href":"https:\/\/eglemarija.com\/index.php\/wp-json\/wp\/v2\/types\/page"}],"author":[{"embeddable":true,"href":"https:\/\/eglemarija.com\/index.php\/wp-json\/wp\/v2\/users\/1"}],"replies":[{"embeddable":true,"href":"https:\/\/eglemarija.com\/index.php\/wp-json\/wp\/v2\/comments?post=1665"}],"version-history":[{"count":7,"href":"https:\/\/eglemarija.com\/index.php\/wp-json\/wp\/v2\/pages\/1665\/revisions"}],"predecessor-version":[{"id":2286,"href":"https:\/\/eglemarija.com\/index.php\/wp-json\/wp\/v2\/pages\/1665\/revisions\/2286"}],"wp:attachment":[{"href":"https:\/\/eglemarija.com\/index.php\/wp-json\/wp\/v2\/media?parent=1665"}],"curies":[{"name":"wp","href":"https:\/\/api.w.org\/{rel}","templated":true}]}}